{"id":1413,"date":"2026-01-09T10:35:53","date_gmt":"2026-01-09T09:35:53","guid":{"rendered":"https:\/\/shop.dohlad.info\/index.php\/product\/led-spot-rgbw-tree-zlata\/"},"modified":"2026-02-10T00:11:06","modified_gmt":"2026-02-09T23:11:06","slug":"led-spot-rgbw-tree-zlata","status":"publish","type":"product","link":"https:\/\/loxone.ctw.sk\/index.php\/product\/led-spot-rgbw-tree-zlata\/","title":{"rendered":"LED Spot RGBW Tree zlat\u00e1"},"content":{"rendered":"<p>Loxone LED Spot RGBW Tree je zapusten\u00e1 bodovka, ktor\u00e1 <strong>kombinuje farebn\u00e9 svetlo a tepl\u00e9 biele svetlo.<\/strong> Riadenie a stmievanie zais\u0165uje priamo rozhranie Tree.<\/p>\n<p><strong>Funkcie:<\/strong><\/p>\n<ul>\n<li>Jemn\u00e9 stmievanie.<\/li>\n<li>Smerov\u00e9 tepl\u00e9 biele svetlo.<\/li>\n<li>Rozpt\u00fdlen\u00e9 farebn\u00e9 svetlo.<\/li>\n<li>Spoty je mo\u017en\u00e9 riadi\u0165 jednotlivo alebo ich spoji\u0165 do skup\u00edn.<\/li>\n<li>Jednoduch\u00e1 in\u0161tal\u00e1cia aj odstra\u0148ovanie ch\u00fdb v zapojen\u00ed.<\/li>\n<\/ul>\n","protected":false},"excerpt":{"rendered":"<p>Loxone LED Spot RGBW Tree je zapusten\u00e1 bodovka, ktor\u00e1 <strong>kombinuje farebn\u00e9 svetlo a tepl\u00e9 biele svetlo.<\/strong><\/p>\n","protected":false},"featured_media":1888,"template":"","meta":[],"location":[],"product_brand":[],"product_cat":[387],"product_tag":[],"class_list":{"0":"post-1413","1":"product","2":"type-product","3":"status-publish","4":"has-post-thumbnail","6":"product_cat-tree-osvetlenie","8":"first","9":"instock","10":"sold-individually","11":"taxable","12":"shipping-taxable","13":"purchasable","14":"product-type-simple"},"locations":[],"_links":{"self":[{"href":"https:\/\/loxone.ctw.sk\/index.php\/wp-json\/wp\/v2\/product\/1413","targetHints":{"allow":["GET"]}}],"collection":[{"href":"https:\/\/loxone.ctw.sk\/index.php\/wp-json\/wp\/v2\/product"}],"about":[{"href":"https:\/\/loxone.ctw.sk\/index.php\/wp-json\/wp\/v2\/types\/product"}],"wp:featuredmedia":[{"embeddable":true,"href":"https:\/\/loxone.ctw.sk\/index.php\/wp-json\/wp\/v2\/media\/1888"}],"wp:attachment":[{"href":"https:\/\/loxone.ctw.sk\/index.php\/wp-json\/wp\/v2\/media?parent=1413"}],"wp:term":[{"taxonomy":"location","embeddable":true,"href":"https:\/\/loxone.ctw.sk\/index.php\/wp-json\/wp\/v2\/location?post=1413"},{"taxonomy":"product_brand","embeddable":true,"href":"https:\/\/loxone.ctw.sk\/index.php\/wp-json\/wp\/v2\/product_brand?post=1413"},{"taxonomy":"product_cat","embeddable":true,"href":"https:\/\/loxone.ctw.sk\/index.php\/wp-json\/wp\/v2\/product_cat?post=1413"},{"taxonomy":"product_tag","embeddable":true,"href":"https:\/\/loxone.ctw.sk\/index.php\/wp-json\/wp\/v2\/product_tag?post=1413"}],"curies":[{"name":"wp","href":"https:\/\/api.w.org\/{rel}","templated":true}]}}