{"id":1417,"date":"2026-01-09T10:36:29","date_gmt":"2026-01-09T09:36:29","guid":{"rendered":"https:\/\/shop.dohlad.info\/index.php\/product\/zavesne-svetlo-rgbw-tree-zlata\/"},"modified":"2026-02-10T00:10:20","modified_gmt":"2026-02-09T23:10:20","slug":"zavesne-svetlo-rgbw-tree-zlata","status":"publish","type":"product","link":"https:\/\/loxone.ctw.sk\/index.php\/product\/zavesne-svetlo-rgbw-tree-zlata\/","title":{"rendered":"Z\u00e1vesn\u00e9 svetlo RGBW Tree zlat\u00e1"},"content":{"rendered":"<p>Z\u00e1vesn\u00e9 svetlo RGBW je z\u00e1vesn\u00e9 svietidlo, ktor\u00e9 kombinuje <strong>farebn\u00e9 svetlo a tepl\u00e9 biele svetlo<\/strong>. Ovl\u00e1danie a stmievanie je riaden\u00e9 priamo prostredn\u00edctvom rozhrania Tree.<\/p>\n<p><strong>\u00a0Funkcie:<\/strong><\/p>\n<ul>\n<li>Nad\u010dasov\u00fd, elegantn\u00fd dizajn.<\/li>\n<li>Jemn\u00e9 stmievanie.<\/li>\n<li>Unik\u00e1tna architekt\u00fara osvetlenia.<\/li>\n<li>Flexibiln\u00e9 mo\u017enosti pou\u017eitia.<\/li>\n<\/ul>\n","protected":false},"excerpt":{"rendered":"<p>Z\u00e1vesn\u00e9 svetlo RGBW je z\u00e1vesn\u00e9 svietidlo, ktor\u00e9 kombinuje <strong>farebn\u00e9 svetlo a tepl\u00e9 biele svetlo<\/strong>. Ovl\u00e1danie a stmievanie je riaden\u00e9 priamo prostredn\u00edctvom rozhrania Tree.<\/p>\n<p>&nbsp;<\/p>\n","protected":false},"featured_media":1418,"template":"","meta":[],"location":[],"product_brand":[],"product_cat":[387],"product_tag":[],"class_list":{"0":"post-1417","1":"product","2":"type-product","3":"status-publish","4":"has-post-thumbnail","6":"product_cat-tree-osvetlenie","8":"first","9":"instock","10":"sold-individually","11":"taxable","12":"shipping-taxable","13":"purchasable","14":"product-type-simple"},"locations":[],"_links":{"self":[{"href":"https:\/\/loxone.ctw.sk\/index.php\/wp-json\/wp\/v2\/product\/1417","targetHints":{"allow":["GET"]}}],"collection":[{"href":"https:\/\/loxone.ctw.sk\/index.php\/wp-json\/wp\/v2\/product"}],"about":[{"href":"https:\/\/loxone.ctw.sk\/index.php\/wp-json\/wp\/v2\/types\/product"}],"wp:featuredmedia":[{"embeddable":true,"href":"https:\/\/loxone.ctw.sk\/index.php\/wp-json\/wp\/v2\/media\/1418"}],"wp:attachment":[{"href":"https:\/\/loxone.ctw.sk\/index.php\/wp-json\/wp\/v2\/media?parent=1417"}],"wp:term":[{"taxonomy":"location","embeddable":true,"href":"https:\/\/loxone.ctw.sk\/index.php\/wp-json\/wp\/v2\/location?post=1417"},{"taxonomy":"product_brand","embeddable":true,"href":"https:\/\/loxone.ctw.sk\/index.php\/wp-json\/wp\/v2\/product_brand?post=1417"},{"taxonomy":"product_cat","embeddable":true,"href":"https:\/\/loxone.ctw.sk\/index.php\/wp-json\/wp\/v2\/product_cat?post=1417"},{"taxonomy":"product_tag","embeddable":true,"href":"https:\/\/loxone.ctw.sk\/index.php\/wp-json\/wp\/v2\/product_tag?post=1417"}],"curies":[{"name":"wp","href":"https:\/\/api.w.org\/{rel}","templated":true}]}}