{"id":1422,"date":"2026-01-09T10:36:29","date_gmt":"2026-01-09T09:36:29","guid":{"rendered":"https:\/\/shop.dohlad.info\/index.php\/product\/wrist-button-air\/"},"modified":"2026-02-10T00:44:10","modified_gmt":"2026-02-09T23:44:10","slug":"wrist-button-air","status":"publish","type":"product","link":"https:\/\/loxone.ctw.sk\/index.php\/product\/wrist-button-air\/","title":{"rendered":"Wrist Button Air"},"content":{"rendered":"<p>Wrist Button Air je bat\u00e9riovo nap\u00e1jan\u00e9 tla\u010didlo, ktor\u00e9 je mo\u017en\u00e9 <strong>individu\u00e1lne konfigurova\u0165 pre po\u017eadovan\u00fa akciu<\/strong> a pohodlne nosi\u0165 na z\u00e1p\u00e4st\u00ed. Integrovan\u00e1 LED navy\u0161e poskytuje optick\u00fa sp\u00e4tn\u00fa v\u00e4zbu.<\/p>\n<p><strong>Pr\u00edklady pou\u017eitia:<\/strong><\/p>\n<ul>\n<li>Ako n\u00fadzov\u00e9 tla\u010didlo vo vlastnej dom\u00e1cnosti.<\/li>\n<li>Ako n\u00fadzov\u00e9 tla\u010didlo vypnutia stroja.<\/li>\n<li>Ako rie\u0161enie pr\u00edstupu pre mal\u00e9 deti.<\/li>\n<li>Na r\u00fdchle otvorenie br\u00e1ny v priemyselnej hale.<\/li>\n<\/ul>\n","protected":false},"excerpt":{"rendered":"<p>Wrist Button Air je bat\u00e9riovo nap\u00e1jan\u00e9 tla\u010didlo, ktor\u00e9 je mo\u017en\u00e9 <strong>individu\u00e1lne konfigurova\u0165 pre po\u017eadovan\u00fa akciu<\/strong> a pohodlne nosi\u0165 na z\u00e1p\u00e4st\u00ed. Integrovan\u00e1 LED navy\u0161e poskytuje optick\u00fa sp\u00e4tn\u00fa v\u00e4zbu.<\/p>\n<p>&nbsp;<\/p>\n","protected":false},"featured_media":1423,"template":"","meta":[],"location":[],"product_brand":[],"product_cat":[371,344,345],"product_tag":[],"class_list":{"0":"post-1422","1":"product","2":"type-product","3":"status-publish","4":"has-post-thumbnail","6":"product_cat-pristup","7":"product_cat-air-pristup-zabezpecenie","8":"product_cat-zabezpecenie","10":"first","11":"instock","12":"sold-individually","13":"taxable","14":"shipping-taxable","15":"purchasable","16":"product-type-simple"},"locations":[],"_links":{"self":[{"href":"https:\/\/loxone.ctw.sk\/index.php\/wp-json\/wp\/v2\/product\/1422","targetHints":{"allow":["GET"]}}],"collection":[{"href":"https:\/\/loxone.ctw.sk\/index.php\/wp-json\/wp\/v2\/product"}],"about":[{"href":"https:\/\/loxone.ctw.sk\/index.php\/wp-json\/wp\/v2\/types\/product"}],"wp:featuredmedia":[{"embeddable":true,"href":"https:\/\/loxone.ctw.sk\/index.php\/wp-json\/wp\/v2\/media\/1423"}],"wp:attachment":[{"href":"https:\/\/loxone.ctw.sk\/index.php\/wp-json\/wp\/v2\/media?parent=1422"}],"wp:term":[{"taxonomy":"location","embeddable":true,"href":"https:\/\/loxone.ctw.sk\/index.php\/wp-json\/wp\/v2\/location?post=1422"},{"taxonomy":"product_brand","embeddable":true,"href":"https:\/\/loxone.ctw.sk\/index.php\/wp-json\/wp\/v2\/product_brand?post=1422"},{"taxonomy":"product_cat","embeddable":true,"href":"https:\/\/loxone.ctw.sk\/index.php\/wp-json\/wp\/v2\/product_cat?post=1422"},{"taxonomy":"product_tag","embeddable":true,"href":"https:\/\/loxone.ctw.sk\/index.php\/wp-json\/wp\/v2\/product_tag?post=1422"}],"curies":[{"name":"wp","href":"https:\/\/api.w.org\/{rel}","templated":true}]}}