{"id":1434,"date":"2026-01-09T10:36:29","date_gmt":"2026-01-09T09:36:29","guid":{"rendered":"https:\/\/shop.dohlad.info\/index.php\/product\/montazny-ramcek-3-moduly-antracitova\/"},"modified":"2026-01-09T10:36:37","modified_gmt":"2026-01-09T09:36:37","slug":"montazny-ramcek-3-moduly-antracitova","status":"publish","type":"product","link":"https:\/\/loxone.ctw.sk\/index.php\/product\/montazny-ramcek-3-moduly-antracitova\/","title":{"rendered":"Mont\u00e1\u017eny r\u00e1m\u010dek 3 moduly antracitov\u00e1"},"content":{"rendered":"<p>Vysoko kvalitn\u00fd trojit\u00fd mont\u00e1\u017eny r\u00e1m\u010dek z eloxovan\u00e9ho hlin\u00edka je <strong>ide\u00e1lny na pripevnenie<\/strong> Intercomu, NFC Code Touch (Gen. 2), Touch Pure alebo Touch Pure Flex na ak\u00fako\u013evek fas\u00e1du.<\/p>\n","protected":false},"excerpt":{"rendered":"<p>Vysoko kvalitn\u00fd trojit\u00fd mont\u00e1\u017eny r\u00e1m\u010dek z eloxovan\u00e9ho hlin\u00edka je <strong>ide\u00e1lny na pripevnenie<\/strong> Intercomu, NFC Code Touch (Gen. 2), Touch Pure alebo Touch Pure Flex na ak\u00fako\u013evek fas\u00e1du.<\/p>\n","protected":false},"featured_media":1435,"template":"","meta":[],"location":[],"product_brand":[],"product_cat":[397,350],"product_tag":[],"class_list":{"0":"post-1434","1":"product","2":"type-product","3":"status-publish","4":"has-post-thumbnail","6":"product_cat-montaz-pristup-zabezpecenie","7":"product_cat-montaz","9":"first","10":"instock","11":"sold-individually","12":"taxable","13":"shipping-taxable","14":"purchasable","15":"product-type-simple"},"locations":[],"_links":{"self":[{"href":"https:\/\/loxone.ctw.sk\/index.php\/wp-json\/wp\/v2\/product\/1434","targetHints":{"allow":["GET"]}}],"collection":[{"href":"https:\/\/loxone.ctw.sk\/index.php\/wp-json\/wp\/v2\/product"}],"about":[{"href":"https:\/\/loxone.ctw.sk\/index.php\/wp-json\/wp\/v2\/types\/product"}],"wp:featuredmedia":[{"embeddable":true,"href":"https:\/\/loxone.ctw.sk\/index.php\/wp-json\/wp\/v2\/media\/1435"}],"wp:attachment":[{"href":"https:\/\/loxone.ctw.sk\/index.php\/wp-json\/wp\/v2\/media?parent=1434"}],"wp:term":[{"taxonomy":"location","embeddable":true,"href":"https:\/\/loxone.ctw.sk\/index.php\/wp-json\/wp\/v2\/location?post=1434"},{"taxonomy":"product_brand","embeddable":true,"href":"https:\/\/loxone.ctw.sk\/index.php\/wp-json\/wp\/v2\/product_brand?post=1434"},{"taxonomy":"product_cat","embeddable":true,"href":"https:\/\/loxone.ctw.sk\/index.php\/wp-json\/wp\/v2\/product_cat?post=1434"},{"taxonomy":"product_tag","embeddable":true,"href":"https:\/\/loxone.ctw.sk\/index.php\/wp-json\/wp\/v2\/product_tag?post=1434"}],"curies":[{"name":"wp","href":"https:\/\/api.w.org\/{rel}","templated":true}]}}