{"id":1455,"date":"2026-01-09T10:36:29","date_gmt":"2026-01-09T09:36:29","guid":{"rendered":"https:\/\/shop.dohlad.info\/index.php\/product\/wallbox-74kw-32a-tree\/"},"modified":"2026-02-09T00:13:30","modified_gmt":"2026-02-08T23:13:30","slug":"wallbox-74kw-32a-tree","status":"publish","type":"product","link":"https:\/\/loxone.ctw.sk\/index.php\/product\/wallbox-74kw-32a-tree\/","title":{"rendered":"Wallbox 7,4kW 32A Tree"},"content":{"rendered":"<p>Loxone <strong> Wallbox<\/strong> umo\u017e\u0148uje dynamick\u00e9 nab\u00edjanie od <strong>1,38 kW do 7,4 kW<\/strong> pre elektrick\u00e9 vozidl\u00e1. <strong>Rozhranie Tree<\/strong> poskytuje v\u0161etku slobodu pre efekt\u00edvne <strong>riadenie energie<\/strong>.<\/p>\n<p><strong>Funkcie:<\/strong><\/p>\n<ul>\n<li>Nab\u00edjajte zadarmo: Vyu\u017e\u00edvajte prebytky FVE efekt\u00edvne.<\/li>\n<li>Mo\u017enos\u0165 pripojenia na spot: Nab\u00edjajte lacno, dokonca aj bez syst\u00e9mu FVE. Ide\u00e1lne pre dynamick\u00e9 tarify elektriny.<\/li>\n<li>Jednoduch\u00e1 ovl\u00e1danie pomocou Touch Pure Flex alebo aplik\u00e1ciou Loxone.<\/li>\n<li>Vhodn\u00e9 pre vozov\u00e9 parky: Ochrana vedenia a budovy v\u010faka optim\u00e1lnej distrib\u00facii energie.<\/li>\n<li>Identifik\u00e1cia u\u017e\u00edvate\u013ea a \u00fa\u010dtovanie prostredn\u00edctvom NFC.<\/li>\n<li>Volite\u013en\u00e9 roz\u0161\u00edrenie o tla\u010didl\u00e1 Touch \u010di mera\u010de.<\/li>\n<li>A\u017e 5 prisp\u00f4sobite\u013en\u00fdch re\u017eimov nab\u00edjania.<\/li>\n<li>Jednoduch\u00e1 integr\u00e1cia prostredn\u00edctvom Tree.<\/li>\n<li>Kompatibiln\u00fd s OCPP.<\/li>\n<\/ul>\n","protected":false},"excerpt":{"rendered":"<p>Loxone <strong> Wallbox<\/strong> umo\u017e\u0148uje dynamick\u00e9 nab\u00edjanie od <strong>1,38 kW do 7,4 kW<\/strong> pre elektrick\u00e9 vozidl\u00e1. <strong>Rozhranie Tree<\/strong> poskytuje v\u0161etku slobodu pre efekt\u00edvne <strong>riadenie energie<\/strong>.<\/p>\n<p>&nbsp;<\/p>\n","protected":false},"featured_media":1456,"template":"","meta":[],"location":[],"product_brand":[],"product_cat":[340,358],"product_tag":[],"class_list":{"0":"post-1455","1":"product","2":"type-product","3":"status-publish","4":"has-post-thumbnail","6":"product_cat-tree-energie","7":"product_cat-wallbox","9":"first","10":"instock","11":"sold-individually","12":"taxable","13":"shipping-taxable","14":"purchasable","15":"product-type-simple"},"locations":[],"_links":{"self":[{"href":"https:\/\/loxone.ctw.sk\/index.php\/wp-json\/wp\/v2\/product\/1455","targetHints":{"allow":["GET"]}}],"collection":[{"href":"https:\/\/loxone.ctw.sk\/index.php\/wp-json\/wp\/v2\/product"}],"about":[{"href":"https:\/\/loxone.ctw.sk\/index.php\/wp-json\/wp\/v2\/types\/product"}],"wp:featuredmedia":[{"embeddable":true,"href":"https:\/\/loxone.ctw.sk\/index.php\/wp-json\/wp\/v2\/media\/1456"}],"wp:attachment":[{"href":"https:\/\/loxone.ctw.sk\/index.php\/wp-json\/wp\/v2\/media?parent=1455"}],"wp:term":[{"taxonomy":"location","embeddable":true,"href":"https:\/\/loxone.ctw.sk\/index.php\/wp-json\/wp\/v2\/location?post=1455"},{"taxonomy":"product_brand","embeddable":true,"href":"https:\/\/loxone.ctw.sk\/index.php\/wp-json\/wp\/v2\/product_brand?post=1455"},{"taxonomy":"product_cat","embeddable":true,"href":"https:\/\/loxone.ctw.sk\/index.php\/wp-json\/wp\/v2\/product_cat?post=1455"},{"taxonomy":"product_tag","embeddable":true,"href":"https:\/\/loxone.ctw.sk\/index.php\/wp-json\/wp\/v2\/product_tag?post=1455"}],"curies":[{"name":"wp","href":"https:\/\/api.w.org\/{rel}","templated":true}]}}