{"id":1458,"date":"2026-01-09T10:36:29","date_gmt":"2026-01-09T09:36:29","guid":{"rendered":"https:\/\/shop.dohlad.info\/index.php\/product\/hormann-air\/"},"modified":"2026-02-09T00:17:45","modified_gmt":"2026-02-08T23:17:45","slug":"hormann-air","status":"publish","type":"product","link":"https:\/\/loxone.ctw.sk\/index.php\/product\/hormann-air\/","title":{"rendered":"H\u00f6rmann Air"},"content":{"rendered":"<p>Loxone H\u00f6rmann Air je kompaktn\u00fd modul s rozhran\u00edm pre <strong>integr\u00e1ciu pohonov br\u00e1n H\u00f6rmann<\/strong> do syst\u00e9mu.<\/p>\n<p><strong>Vlastnosti:<\/strong><\/p>\n<ul>\n<li>Kompatibiln\u00fd s komunika\u010dn\u00fdm protokolom H\u00f6rmann HCP 1 a HCP 2.<\/li>\n<li>Automaticky rozpozn\u00e1 pripojen\u00fd pohon br\u00e1ny a pou\u017eit\u00fa verziu HCP.<\/li>\n<li>Zaznamen\u00e1va a sleduje prev\u00e1dzkov\u00e9 hodiny, po\u010d\u00edta cykly a servisn\u00e9 intervaly.<\/li>\n<\/ul>\n","protected":false},"excerpt":{"rendered":"<p>Loxone H\u00f6rmann Air je kompaktn\u00fd modul s rozhran\u00edm pre <strong>integr\u00e1ciu pohonov br\u00e1n H\u00f6rmann<\/strong> do syst\u00e9mu.<\/p>\n<p>&nbsp;<\/p>\n","protected":false},"featured_media":1459,"template":"","meta":[],"location":[],"product_brand":[],"product_cat":[383,371,344],"product_tag":[],"class_list":{"0":"post-1458","1":"product","2":"type-product","3":"status-publish","4":"has-post-thumbnail","6":"product_cat-air-extensiony-rozhrania","7":"product_cat-pristup","8":"product_cat-air-pristup-zabezpecenie","10":"first","11":"instock","12":"sold-individually","13":"taxable","14":"shipping-taxable","15":"purchasable","16":"product-type-simple"},"locations":[],"_links":{"self":[{"href":"https:\/\/loxone.ctw.sk\/index.php\/wp-json\/wp\/v2\/product\/1458","targetHints":{"allow":["GET"]}}],"collection":[{"href":"https:\/\/loxone.ctw.sk\/index.php\/wp-json\/wp\/v2\/product"}],"about":[{"href":"https:\/\/loxone.ctw.sk\/index.php\/wp-json\/wp\/v2\/types\/product"}],"wp:featuredmedia":[{"embeddable":true,"href":"https:\/\/loxone.ctw.sk\/index.php\/wp-json\/wp\/v2\/media\/1459"}],"wp:attachment":[{"href":"https:\/\/loxone.ctw.sk\/index.php\/wp-json\/wp\/v2\/media?parent=1458"}],"wp:term":[{"taxonomy":"location","embeddable":true,"href":"https:\/\/loxone.ctw.sk\/index.php\/wp-json\/wp\/v2\/location?post=1458"},{"taxonomy":"product_brand","embeddable":true,"href":"https:\/\/loxone.ctw.sk\/index.php\/wp-json\/wp\/v2\/product_brand?post=1458"},{"taxonomy":"product_cat","embeddable":true,"href":"https:\/\/loxone.ctw.sk\/index.php\/wp-json\/wp\/v2\/product_cat?post=1458"},{"taxonomy":"product_tag","embeddable":true,"href":"https:\/\/loxone.ctw.sk\/index.php\/wp-json\/wp\/v2\/product_tag?post=1458"}],"curies":[{"name":"wp","href":"https:\/\/api.w.org\/{rel}","templated":true}]}}