{"id":1461,"date":"2026-01-09T10:36:29","date_gmt":"2026-01-09T09:36:29","guid":{"rendered":"https:\/\/shop.dohlad.info\/index.php\/product\/stand-base-antracitova\/"},"modified":"2026-01-09T10:36:49","modified_gmt":"2026-01-09T09:36:49","slug":"stand-base-antracitova","status":"publish","type":"product","link":"https:\/\/loxone.ctw.sk\/index.php\/product\/stand-base-antracitova\/","title":{"rendered":"Stand Base antracitov\u00e1"},"content":{"rendered":"<p>Vysoko kvalitn\u00fd stojan Stand Base je ide\u00e1lny na <strong>pohodln\u00e9 pou\u017e\u00edvanie NFC Code Touch Air, Touch Pure Air alebo Touch Pure Flex Air<\/strong> na pracovnom stole v kancel\u00e1rii, recepcii hotela alebo na in\u00fdch miestach.<\/p>\n","protected":false},"excerpt":{"rendered":"<p>Vysoko kvalitn\u00fd stojan Stand Base je ide\u00e1lny na <strong>pohodln\u00e9 pou\u017e\u00edvanie NFC Code Touch Air, Touch Pure Air alebo Touch Pure Flex Air<\/strong> na pracovnom stole v kancel\u00e1rii, recepcii hotela alebo na in\u00fdch miestach.<\/p>\n","protected":false},"featured_media":1462,"template":"","meta":[],"location":[],"product_brand":[],"product_cat":[350],"product_tag":[],"class_list":{"0":"post-1461","1":"product","2":"type-product","3":"status-publish","4":"has-post-thumbnail","6":"product_cat-montaz","8":"first","9":"instock","10":"sold-individually","11":"taxable","12":"shipping-taxable","13":"purchasable","14":"product-type-simple"},"locations":[],"_links":{"self":[{"href":"https:\/\/loxone.ctw.sk\/index.php\/wp-json\/wp\/v2\/product\/1461","targetHints":{"allow":["GET"]}}],"collection":[{"href":"https:\/\/loxone.ctw.sk\/index.php\/wp-json\/wp\/v2\/product"}],"about":[{"href":"https:\/\/loxone.ctw.sk\/index.php\/wp-json\/wp\/v2\/types\/product"}],"wp:featuredmedia":[{"embeddable":true,"href":"https:\/\/loxone.ctw.sk\/index.php\/wp-json\/wp\/v2\/media\/1462"}],"wp:attachment":[{"href":"https:\/\/loxone.ctw.sk\/index.php\/wp-json\/wp\/v2\/media?parent=1461"}],"wp:term":[{"taxonomy":"location","embeddable":true,"href":"https:\/\/loxone.ctw.sk\/index.php\/wp-json\/wp\/v2\/location?post=1461"},{"taxonomy":"product_brand","embeddable":true,"href":"https:\/\/loxone.ctw.sk\/index.php\/wp-json\/wp\/v2\/product_brand?post=1461"},{"taxonomy":"product_cat","embeddable":true,"href":"https:\/\/loxone.ctw.sk\/index.php\/wp-json\/wp\/v2\/product_cat?post=1461"},{"taxonomy":"product_tag","embeddable":true,"href":"https:\/\/loxone.ctw.sk\/index.php\/wp-json\/wp\/v2\/product_tag?post=1461"}],"curies":[{"name":"wp","href":"https:\/\/api.w.org\/{rel}","templated":true}]}}