{"id":1471,"date":"2026-01-09T10:36:29","date_gmt":"2026-01-09T09:36:29","guid":{"rendered":"https:\/\/shop.dohlad.info\/index.php\/product\/modbus-air\/"},"modified":"2026-02-09T00:12:57","modified_gmt":"2026-02-08T23:12:57","slug":"modbus-air","status":"publish","type":"product","link":"https:\/\/loxone.ctw.sk\/index.php\/product\/modbus-air\/","title":{"rendered":"Modbus Air"},"content":{"rendered":"<p>Modbus Air umo\u017e\u0148uje <strong>bezdr\u00f4tov\u00fa integr\u00e1ciu<\/strong> zariaden\u00ed s <strong>rozhran\u00edm Modbus RTU.<\/strong><\/p>\n<p><strong>Vlastnosti:<\/strong><\/p>\n<ul>\n<li>Jednoduch\u00e1 integr\u00e1cia jedn\u00e9ho zariadenia Modbus s a\u017e 253 senzormi a aktormi.<\/li>\n<li>Individu\u00e1lne nastavite\u013en\u00e1 prenosov\u00e1 r\u00fdchlos\u0165, parita a stop bity.<\/li>\n<li>Podpora d\u00e1tov\u00fdch typov so 16 a 32 bitmi.<\/li>\n<\/ul>\n","protected":false},"excerpt":{"rendered":"<p>Modbus Air umo\u017e\u0148uje <strong>bezdr\u00f4tov\u00fa integr\u00e1ciu<\/strong> zariaden\u00ed s <strong>rozhran\u00edm Modbus RTU.<\/strong><\/p>\n<p>&nbsp;<\/p>\n","protected":false},"featured_media":1472,"template":"","meta":[],"location":[],"product_brand":[],"product_cat":[383,393,339,376,348],"product_tag":[],"class_list":{"0":"post-1471","1":"product","2":"type-product","3":"status-publish","4":"has-post-thumbnail","6":"product_cat-air-extensiony-rozhrania","7":"product_cat-air-energie","8":"product_cat-elektromer","9":"product_cat-air-klima-tienenie","10":"product_cat-klima","12":"first","13":"instock","14":"sold-individually","15":"taxable","16":"shipping-taxable","17":"purchasable","18":"product-type-simple"},"locations":[],"_links":{"self":[{"href":"https:\/\/loxone.ctw.sk\/index.php\/wp-json\/wp\/v2\/product\/1471","targetHints":{"allow":["GET"]}}],"collection":[{"href":"https:\/\/loxone.ctw.sk\/index.php\/wp-json\/wp\/v2\/product"}],"about":[{"href":"https:\/\/loxone.ctw.sk\/index.php\/wp-json\/wp\/v2\/types\/product"}],"wp:featuredmedia":[{"embeddable":true,"href":"https:\/\/loxone.ctw.sk\/index.php\/wp-json\/wp\/v2\/media\/1472"}],"wp:attachment":[{"href":"https:\/\/loxone.ctw.sk\/index.php\/wp-json\/wp\/v2\/media?parent=1471"}],"wp:term":[{"taxonomy":"location","embeddable":true,"href":"https:\/\/loxone.ctw.sk\/index.php\/wp-json\/wp\/v2\/location?post=1471"},{"taxonomy":"product_brand","embeddable":true,"href":"https:\/\/loxone.ctw.sk\/index.php\/wp-json\/wp\/v2\/product_brand?post=1471"},{"taxonomy":"product_cat","embeddable":true,"href":"https:\/\/loxone.ctw.sk\/index.php\/wp-json\/wp\/v2\/product_cat?post=1471"},{"taxonomy":"product_tag","embeddable":true,"href":"https:\/\/loxone.ctw.sk\/index.php\/wp-json\/wp\/v2\/product_tag?post=1471"}],"curies":[{"name":"wp","href":"https:\/\/api.w.org\/{rel}","templated":true}]}}