{"id":1478,"date":"2026-01-09T10:36:29","date_gmt":"2026-01-09T09:36:29","guid":{"rendered":"https:\/\/shop.dohlad.info\/index.php\/product\/p1-meter-reader-air\/"},"modified":"2026-01-09T10:36:56","modified_gmt":"2026-01-09T09:36:56","slug":"p1-meter-reader-air","status":"publish","type":"product","link":"https:\/\/loxone.ctw.sk\/index.php\/product\/p1-meter-reader-air\/","title":{"rendered":"P1 Meter Reader Air"},"content":{"rendered":"<p><strong>Vlastnosti:<\/strong><\/p>\n<ul>\n<li>Podporuje DSMR P1 verzie 4.2 a vy\u0161\u0161ie.*<\/li>\n<li>Integr\u00e1cia Plug&amp;Play v\u010faka technol\u00f3gii Loxone Air.<\/li>\n<li>Plne integrovan\u00fd funk\u010dn\u00fd blok elektromeru.<\/li>\n<li>Nie je nutn\u00e9 extern\u00e9 nap\u00e1janie.<\/li>\n<li>Detekcia \u010fal\u0161\u00edch senzorov pripojen\u00fdch k elektromeru.*<\/li>\n<li>Podpora podru\u017en\u00fdch mera\u010dov (plyn, voda, k\u00farenie\/chladenie, energia).<\/li>\n<\/ul>\n<p>*Podrobnosti o kompatibiln\u00fdch verzi\u00e1ch DSMR P1 a podporovan\u00fdch \u010fal\u0161\u00edch senzoroch n\u00e1jdete <a href=\"https:\/\/www.loxone.com\/cscz\/kb\/p1-meter-reader-air\/\" target=\"_blank\" rel=\"noopener\">v dokument\u00e1cii&gt;&gt;<\/a><\/p>\n","protected":false},"excerpt":{"rendered":"<p><strong>Vlastnosti:<\/strong><\/p>\n<ul>\n<li>Podporuje DSMR P1 verzie 4.2 a vy\u0161\u0161ie.*<\/li>\n<li>Integr\u00e1cia Plug&amp;Play v\u010faka technol\u00f3gii Loxone Air.<\/li>\n<li>Plne integrovan\u00fd funk\u010dn\u00fd blok elektromeru.<\/li>\n<li>Nie je nutn\u00e9 extern\u00e9 nap\u00e1janie.<\/li>\n<li>Detekcia \u010fal\u0161\u00edch senzorov pripojen\u00fdch k elektromeru.*<\/li>\n<li>Podpora podru\u017en\u00fdch mera\u010dov (plyn, voda, k\u00farenie\/chladenie, energia).<\/li>\n<\/ul>\n<p>*Podrobnosti o kompatibiln\u00fdch verzi\u00e1ch DSMR P1 a podporovan\u00fdch \u010fal\u0161\u00edch senzoroch n\u00e1jdete <a href=\"https:\/\/www.loxone.com\/cscz\/kb\/p1-meter-reader-air\/\" target=\"_blank\" rel=\"noopener\">v dokument\u00e1cii&gt;&gt;<\/a><\/p>\n","protected":false},"featured_media":1479,"template":"","meta":[],"location":[],"product_brand":[],"product_cat":[393,339],"product_tag":[],"class_list":{"0":"post-1478","1":"product","2":"type-product","3":"status-publish","4":"has-post-thumbnail","6":"product_cat-air-energie","7":"product_cat-elektromer","9":"first","10":"instock","11":"sold-individually","12":"taxable","13":"shipping-taxable","14":"purchasable","15":"product-type-simple"},"locations":[],"_links":{"self":[{"href":"https:\/\/loxone.ctw.sk\/index.php\/wp-json\/wp\/v2\/product\/1478","targetHints":{"allow":["GET"]}}],"collection":[{"href":"https:\/\/loxone.ctw.sk\/index.php\/wp-json\/wp\/v2\/product"}],"about":[{"href":"https:\/\/loxone.ctw.sk\/index.php\/wp-json\/wp\/v2\/types\/product"}],"wp:featuredmedia":[{"embeddable":true,"href":"https:\/\/loxone.ctw.sk\/index.php\/wp-json\/wp\/v2\/media\/1479"}],"wp:attachment":[{"href":"https:\/\/loxone.ctw.sk\/index.php\/wp-json\/wp\/v2\/media?parent=1478"}],"wp:term":[{"taxonomy":"location","embeddable":true,"href":"https:\/\/loxone.ctw.sk\/index.php\/wp-json\/wp\/v2\/location?post=1478"},{"taxonomy":"product_brand","embeddable":true,"href":"https:\/\/loxone.ctw.sk\/index.php\/wp-json\/wp\/v2\/product_brand?post=1478"},{"taxonomy":"product_cat","embeddable":true,"href":"https:\/\/loxone.ctw.sk\/index.php\/wp-json\/wp\/v2\/product_cat?post=1478"},{"taxonomy":"product_tag","embeddable":true,"href":"https:\/\/loxone.ctw.sk\/index.php\/wp-json\/wp\/v2\/product_tag?post=1478"}],"curies":[{"name":"wp","href":"https:\/\/api.w.org\/{rel}","templated":true}]}}