{"id":1481,"date":"2026-01-09T10:36:29","date_gmt":"2026-01-09T09:36:29","guid":{"rendered":"https:\/\/shop.dohlad.info\/index.php\/product\/intercom-zamotovo-biela\/"},"modified":"2026-02-10T00:52:32","modified_gmt":"2026-02-09T23:52:32","slug":"intercom-zamotovo-biela","status":"publish","type":"product","link":"https:\/\/loxone.ctw.sk\/index.php\/product\/intercom-zamotovo-biela\/","title":{"rendered":"Intercom zamotovo biela"},"content":{"rendered":"<p>Loxone Intercom je <strong>elegantn\u00fd videozvon\u010dek<\/strong> s \u010deln\u00fdm sklenen\u00fdm panelom, podsvieten\u00fdm zvon\u010dekov\u00fdm tla\u010didlom a senzorom pribl\u00ed\u017eenia. Mikrof\u00f3n je zabudovan\u00fd do \u010deln\u00e9ho panelu, zatia\u013e \u010do reproduktory s\u00fa nen\u00e1padne integrovan\u00e9 na \u013eavej strane krytu.<\/p>\n<p><strong>Vlastnosti:<\/strong><\/p>\n<ul>\n<li>Nap\u00e1janie a komunik\u00e1cia cez Power over Ethernet.<\/li>\n<li>Integrovan\u00e9 rozhranie Tree.<\/li>\n<li>Najlep\u0161ie v kombin\u00e1cii s NFC Code Touch alebo Touch Pure Flex.<\/li>\n<\/ul>\n","protected":false},"excerpt":{"rendered":"<p>Loxone Intercom je <strong>elegantn\u00fd videozvon\u010dek<\/strong> s \u010deln\u00fdm sklenen\u00fdm panelom, podsvieten\u00fdm zvon\u010dekov\u00fdm tla\u010didlom a senzorom pribl\u00ed\u017eenia. Mikrof\u00f3n je zabudovan\u00fd do \u010deln\u00e9ho panelu, zatia\u013e \u010do reproduktory s\u00fa nen\u00e1padne integrovan\u00e9 na \u013eavej strane krytu.<\/p>\n<p>&nbsp;<\/p>\n","protected":false},"featured_media":1482,"template":"","meta":[],"location":[],"product_brand":[],"product_cat":[15],"product_tag":[],"class_list":{"0":"post-1481","1":"product","2":"type-product","3":"status-publish","4":"has-post-thumbnail","6":"product_cat-uncategorized","8":"first","9":"instock","10":"sold-individually","11":"taxable","12":"shipping-taxable","13":"purchasable","14":"product-type-simple"},"locations":[],"_links":{"self":[{"href":"https:\/\/loxone.ctw.sk\/index.php\/wp-json\/wp\/v2\/product\/1481","targetHints":{"allow":["GET"]}}],"collection":[{"href":"https:\/\/loxone.ctw.sk\/index.php\/wp-json\/wp\/v2\/product"}],"about":[{"href":"https:\/\/loxone.ctw.sk\/index.php\/wp-json\/wp\/v2\/types\/product"}],"wp:featuredmedia":[{"embeddable":true,"href":"https:\/\/loxone.ctw.sk\/index.php\/wp-json\/wp\/v2\/media\/1482"}],"wp:attachment":[{"href":"https:\/\/loxone.ctw.sk\/index.php\/wp-json\/wp\/v2\/media?parent=1481"}],"wp:term":[{"taxonomy":"location","embeddable":true,"href":"https:\/\/loxone.ctw.sk\/index.php\/wp-json\/wp\/v2\/location?post=1481"},{"taxonomy":"product_brand","embeddable":true,"href":"https:\/\/loxone.ctw.sk\/index.php\/wp-json\/wp\/v2\/product_brand?post=1481"},{"taxonomy":"product_cat","embeddable":true,"href":"https:\/\/loxone.ctw.sk\/index.php\/wp-json\/wp\/v2\/product_cat?post=1481"},{"taxonomy":"product_tag","embeddable":true,"href":"https:\/\/loxone.ctw.sk\/index.php\/wp-json\/wp\/v2\/product_tag?post=1481"}],"curies":[{"name":"wp","href":"https:\/\/api.w.org\/{rel}","templated":true}]}}