{"id":1485,"date":"2026-01-09T10:37:01","date_gmt":"2026-01-09T09:37:01","guid":{"rendered":"https:\/\/shop.dohlad.info\/index.php\/product\/samolepky-5-kusov\/"},"modified":"2026-01-09T10:37:02","modified_gmt":"2026-01-09T09:37:02","slug":"samolepky-5-kusov","status":"publish","type":"product","link":"https:\/\/loxone.ctw.sk\/index.php\/product\/samolepky-5-kusov\/","title":{"rendered":"Samolepky (5 kusov)"},"content":{"rendered":"<p>Pre hrd\u00fdch majite\u013eov a fan\u00fa\u0161ikov zna\u010dky Loxone s\u00fa samolepky v balen\u00ed po 5 kusov nevyhnutnos\u0165ou. V\u010faka rozmerom 75 \u00d7 15 mm mo\u017eno n\u00e1lepku Loxone nalepi\u0165 kdeko\u013evek. M\u00f4\u017eete ju ma\u0165 na aute, rozv\u00e1dza\u010di, vchodov\u00fdch dver\u00e1ch a pod.<\/p>\n","protected":false},"excerpt":{"rendered":"<p>Pre hrd\u00fdch majite\u013eov a fan\u00fa\u0161ikov zna\u010dky Loxone s\u00fa samolepky v balen\u00ed po 5 kusov nevyhnutnos\u0165ou. V\u010faka rozmerom 75 \u00d7 15 mm mo\u017eno n\u00e1lepku Loxone nalepi\u0165 kdeko\u013evek. M\u00f4\u017eete ju ma\u0165 na aute, rozv\u00e1dza\u010di, vchodov\u00fdch dver\u00e1ch a pod.<\/p>\n","protected":false},"featured_media":1486,"template":"","meta":[],"location":[],"product_brand":[],"product_cat":[369],"product_tag":[],"class_list":{"0":"post-1485","1":"product","2":"type-product","3":"status-publish","4":"has-post-thumbnail","6":"product_cat-other","8":"first","9":"instock","10":"sold-individually","11":"taxable","12":"shipping-taxable","13":"purchasable","14":"product-type-simple"},"locations":[],"_links":{"self":[{"href":"https:\/\/loxone.ctw.sk\/index.php\/wp-json\/wp\/v2\/product\/1485","targetHints":{"allow":["GET"]}}],"collection":[{"href":"https:\/\/loxone.ctw.sk\/index.php\/wp-json\/wp\/v2\/product"}],"about":[{"href":"https:\/\/loxone.ctw.sk\/index.php\/wp-json\/wp\/v2\/types\/product"}],"wp:featuredmedia":[{"embeddable":true,"href":"https:\/\/loxone.ctw.sk\/index.php\/wp-json\/wp\/v2\/media\/1486"}],"wp:attachment":[{"href":"https:\/\/loxone.ctw.sk\/index.php\/wp-json\/wp\/v2\/media?parent=1485"}],"wp:term":[{"taxonomy":"location","embeddable":true,"href":"https:\/\/loxone.ctw.sk\/index.php\/wp-json\/wp\/v2\/location?post=1485"},{"taxonomy":"product_brand","embeddable":true,"href":"https:\/\/loxone.ctw.sk\/index.php\/wp-json\/wp\/v2\/product_brand?post=1485"},{"taxonomy":"product_cat","embeddable":true,"href":"https:\/\/loxone.ctw.sk\/index.php\/wp-json\/wp\/v2\/product_cat?post=1485"},{"taxonomy":"product_tag","embeddable":true,"href":"https:\/\/loxone.ctw.sk\/index.php\/wp-json\/wp\/v2\/product_tag?post=1485"}],"curies":[{"name":"wp","href":"https:\/\/api.w.org\/{rel}","templated":true}]}}