{"id":1487,"date":"2026-01-09T10:37:01","date_gmt":"2026-01-09T09:37:01","guid":{"rendered":"https:\/\/shop.dohlad.info\/index.php\/product\/spendlik-do-chlopne\/"},"modified":"2026-02-08T14:37:54","modified_gmt":"2026-02-08T13:37:54","slug":"spendlik-do-chlopne","status":"publish","type":"product","link":"https:\/\/loxone.ctw.sk\/index.php\/product\/spendlik-do-chlopne\/","title":{"rendered":"\u0160pendl\u00edk do chlopne"},"content":{"rendered":"<p>Odznak Loxone je ten spr\u00e1vny doplnok pre v\u00e1\u0161 outfit.<\/p>\n<ul>\n<li>Pripin\u00e1\u010dika \/ \u0161pendl\u00edk.<\/li>\n<li>Must-have pre fan\u00fa\u0161ikov Loxone.<\/li>\n<li>Do klopy saka at\u010f.<\/li>\n<\/ul>\n","protected":false},"excerpt":{"rendered":"<p>Odznak Loxone je ten spr\u00e1vny doplnok pre v\u00e1\u0161 outfit.<\/p>\n","protected":false},"featured_media":1488,"template":"","meta":[],"location":[],"product_brand":[],"product_cat":[369],"product_tag":[],"class_list":{"0":"post-1487","1":"product","2":"type-product","3":"status-publish","4":"has-post-thumbnail","6":"product_cat-other","8":"first","9":"instock","10":"sold-individually","11":"taxable","12":"shipping-taxable","13":"purchasable","14":"product-type-simple"},"locations":[],"_links":{"self":[{"href":"https:\/\/loxone.ctw.sk\/index.php\/wp-json\/wp\/v2\/product\/1487","targetHints":{"allow":["GET"]}}],"collection":[{"href":"https:\/\/loxone.ctw.sk\/index.php\/wp-json\/wp\/v2\/product"}],"about":[{"href":"https:\/\/loxone.ctw.sk\/index.php\/wp-json\/wp\/v2\/types\/product"}],"wp:featuredmedia":[{"embeddable":true,"href":"https:\/\/loxone.ctw.sk\/index.php\/wp-json\/wp\/v2\/media\/1488"}],"wp:attachment":[{"href":"https:\/\/loxone.ctw.sk\/index.php\/wp-json\/wp\/v2\/media?parent=1487"}],"wp:term":[{"taxonomy":"location","embeddable":true,"href":"https:\/\/loxone.ctw.sk\/index.php\/wp-json\/wp\/v2\/location?post=1487"},{"taxonomy":"product_brand","embeddable":true,"href":"https:\/\/loxone.ctw.sk\/index.php\/wp-json\/wp\/v2\/product_brand?post=1487"},{"taxonomy":"product_cat","embeddable":true,"href":"https:\/\/loxone.ctw.sk\/index.php\/wp-json\/wp\/v2\/product_cat?post=1487"},{"taxonomy":"product_tag","embeddable":true,"href":"https:\/\/loxone.ctw.sk\/index.php\/wp-json\/wp\/v2\/product_tag?post=1487"}],"curies":[{"name":"wp","href":"https:\/\/api.w.org\/{rel}","templated":true}]}}