{"id":1491,"date":"2026-01-09T10:37:01","date_gmt":"2026-01-09T09:37:01","guid":{"rendered":"https:\/\/shop.dohlad.info\/index.php\/product\/sma-antena-4dbi-868-mhz\/"},"modified":"2026-01-09T10:37:05","modified_gmt":"2026-01-09T09:37:05","slug":"sma-antena-4dbi-868-mhz","status":"publish","type":"product","link":"https:\/\/loxone.ctw.sk\/index.php\/product\/sma-antena-4dbi-868-mhz\/","title":{"rendered":"SMA ant\u00e9na 4dBi 868 MHz"},"content":{"rendered":"<p>SMA pr\u00fatov\u00e1 ant\u00e9na 4dBi 868 MHz <strong>je ide\u00e1lna pre produkty Loxone Air<\/strong>. Pripojenie prilo\u017een\u00e9ho k\u00e1bla k Multi Extension Air v\u00e1m umo\u017en\u00ed umiestni\u0165 ant\u00e9nu mimo rozvodn\u00fa skri\u0148u. SMA ant\u00e9na umo\u017e\u0148uje odosielanie a prij\u00edmanie protokolov na frekvencii 868 MHz a je vhodn\u00e1 pre v\u0161etky SMA konektory (samica).<\/p>\n","protected":false},"excerpt":{"rendered":"<p>SMA pr\u00fatov\u00e1 ant\u00e9na 4dBi 868 MHz <strong>je ide\u00e1lna pre produkty Loxone Air<\/strong>. Pripojenie prilo\u017een\u00e9ho k\u00e1bla k Multi Extension Air v\u00e1m umo\u017en\u00ed umiestni\u0165 ant\u00e9nu mimo rozvodn\u00fa skri\u0148u. SMA ant\u00e9na umo\u017e\u0148uje odosielanie a prij\u00edmanie protokolov na frekvencii 868 MHz a je vhodn\u00e1 pre v\u0161etky SMA konektory (samica).<\/p>\n","protected":false},"featured_media":1492,"template":"","meta":[],"location":[],"product_brand":[],"product_cat":[398],"product_tag":[],"class_list":{"0":"post-1491","1":"product","2":"type-product","3":"status-publish","4":"has-post-thumbnail","6":"product_cat-anteny","8":"first","9":"instock","10":"sold-individually","11":"taxable","12":"shipping-taxable","13":"purchasable","14":"product-type-simple"},"locations":[],"_links":{"self":[{"href":"https:\/\/loxone.ctw.sk\/index.php\/wp-json\/wp\/v2\/product\/1491","targetHints":{"allow":["GET"]}}],"collection":[{"href":"https:\/\/loxone.ctw.sk\/index.php\/wp-json\/wp\/v2\/product"}],"about":[{"href":"https:\/\/loxone.ctw.sk\/index.php\/wp-json\/wp\/v2\/types\/product"}],"wp:featuredmedia":[{"embeddable":true,"href":"https:\/\/loxone.ctw.sk\/index.php\/wp-json\/wp\/v2\/media\/1492"}],"wp:attachment":[{"href":"https:\/\/loxone.ctw.sk\/index.php\/wp-json\/wp\/v2\/media?parent=1491"}],"wp:term":[{"taxonomy":"location","embeddable":true,"href":"https:\/\/loxone.ctw.sk\/index.php\/wp-json\/wp\/v2\/location?post=1491"},{"taxonomy":"product_brand","embeddable":true,"href":"https:\/\/loxone.ctw.sk\/index.php\/wp-json\/wp\/v2\/product_brand?post=1491"},{"taxonomy":"product_cat","embeddable":true,"href":"https:\/\/loxone.ctw.sk\/index.php\/wp-json\/wp\/v2\/product_cat?post=1491"},{"taxonomy":"product_tag","embeddable":true,"href":"https:\/\/loxone.ctw.sk\/index.php\/wp-json\/wp\/v2\/product_tag?post=1491"}],"curies":[{"name":"wp","href":"https:\/\/api.w.org\/{rel}","templated":true}]}}