{"id":1498,"date":"2026-01-09T10:37:01","date_gmt":"2026-01-09T09:37:01","guid":{"rendered":"https:\/\/shop.dohlad.info\/index.php\/product\/montazny-ramcek-pre-touch-komfortny-senzor\/"},"modified":"2026-01-09T10:37:08","modified_gmt":"2026-01-09T09:37:08","slug":"montazny-ramcek-pre-touch-komfortny-senzor","status":"publish","type":"product","link":"https:\/\/loxone.ctw.sk\/index.php\/product\/montazny-ramcek-pre-touch-komfortny-senzor\/","title":{"rendered":"Mont\u00e1\u017eny r\u00e1m\u010dek pre Touch \/ Komfortn\u00fd senzor"},"content":{"rendered":"<p>N\u00e1hradn\u00fd mont\u00e1\u017eny r\u00e1m\u010dek pre:<\/p>\n<ul>\n<li>Touch Air, Tree &amp; for Nano<\/li>\n<li>Komfortn\u00fd senzor Tree &amp; Air<\/li>\n<\/ul>\n","protected":false},"excerpt":{"rendered":"<p>N\u00e1hradn\u00fd mont\u00e1\u017eny r\u00e1m\u010dek pre:<\/p>\n<ul>\n<li>Touch Air, Tree &amp; for Nano<\/li>\n<li>Komfortn\u00fd senzor Tree &amp; Air<\/li>\n<\/ul>\n","protected":false},"featured_media":1499,"template":"","meta":[],"location":[],"product_brand":[],"product_cat":[360],"product_tag":[],"class_list":{"0":"post-1498","1":"product","2":"type-product","3":"status-publish","4":"has-post-thumbnail","6":"product_cat-nahradne-diely","8":"first","9":"instock","10":"sold-individually","11":"taxable","12":"shipping-taxable","13":"purchasable","14":"product-type-simple"},"locations":[],"_links":{"self":[{"href":"https:\/\/loxone.ctw.sk\/index.php\/wp-json\/wp\/v2\/product\/1498","targetHints":{"allow":["GET"]}}],"collection":[{"href":"https:\/\/loxone.ctw.sk\/index.php\/wp-json\/wp\/v2\/product"}],"about":[{"href":"https:\/\/loxone.ctw.sk\/index.php\/wp-json\/wp\/v2\/types\/product"}],"wp:featuredmedia":[{"embeddable":true,"href":"https:\/\/loxone.ctw.sk\/index.php\/wp-json\/wp\/v2\/media\/1499"}],"wp:attachment":[{"href":"https:\/\/loxone.ctw.sk\/index.php\/wp-json\/wp\/v2\/media?parent=1498"}],"wp:term":[{"taxonomy":"location","embeddable":true,"href":"https:\/\/loxone.ctw.sk\/index.php\/wp-json\/wp\/v2\/location?post=1498"},{"taxonomy":"product_brand","embeddable":true,"href":"https:\/\/loxone.ctw.sk\/index.php\/wp-json\/wp\/v2\/product_brand?post=1498"},{"taxonomy":"product_cat","embeddable":true,"href":"https:\/\/loxone.ctw.sk\/index.php\/wp-json\/wp\/v2\/product_cat?post=1498"},{"taxonomy":"product_tag","embeddable":true,"href":"https:\/\/loxone.ctw.sk\/index.php\/wp-json\/wp\/v2\/product_tag?post=1498"}],"curies":[{"name":"wp","href":"https:\/\/api.w.org\/{rel}","templated":true}]}}