{"id":1501,"date":"2026-01-09T10:37:01","date_gmt":"2026-01-09T09:37:01","guid":{"rendered":"https:\/\/shop.dohlad.info\/index.php\/product\/taska\/"},"modified":"2026-02-08T14:38:32","modified_gmt":"2026-02-08T13:38:32","slug":"taska","status":"publish","type":"product","link":"https:\/\/loxone.ctw.sk\/index.php\/product\/taska\/","title":{"rendered":"Ta\u0161ka"},"content":{"rendered":"<p>\u0160t\u00fdlov\u00e1 bavlnen\u00e1 ta\u0161ka je udr\u017eate\u013en\u00e1, odoln\u00e1 a praktick\u00e1 \u2013 rovnako ako in\u0161tal\u00e1cia Loxone Predve\u010fte sa a pou\u017eite bavlnen\u00fa ta\u0161ku ako ekologick\u00fa pom\u00f4cku pre svojich z\u00e1kazn\u00edkov, praktick\u00fa n\u00e1kupn\u00fa ta\u0161ku, \u0161portov\u00fa ta\u0161ku alebo elegantn\u00e9ho spolo\u010dn\u00edka na p\u00e1rty.<\/p>\n<ul>\n<li>Ekologick\u00e1 bavlnen\u00e1 ta\u0161ka.<\/li>\n<li>Dlh\u00e9 u\u0161i na rameno.<\/li>\n<li>Na jednej strane potla\u010den\u00e9 logom Loxone.<\/li>\n<li>Rozmery: 38\u00d742 cm.<\/li>\n<\/ul>\n","protected":false},"excerpt":{"rendered":"<p>\u0160t\u00fdlov\u00e1 bavlnen\u00e1 ta\u0161ka je udr\u017eate\u013en\u00e1, odoln\u00e1 a praktick\u00e1 \u2013 rovnako ako in\u0161tal\u00e1cia Loxone Predve\u010fte sa a pou\u017eite bavlnen\u00fa ta\u0161ku ako ekologick\u00fa pom\u00f4cku pre svojich z\u00e1kazn\u00edkov, praktick\u00fa n\u00e1kupn\u00fa ta\u0161ku, \u0161portov\u00fa ta\u0161ku alebo elegantn\u00e9ho spolo\u010dn\u00edka na p\u00e1rty.<\/p>\n<p>&nbsp;<\/p>\n","protected":false},"featured_media":1502,"template":"","meta":[],"location":[],"product_brand":[],"product_cat":[369],"product_tag":[],"class_list":{"0":"post-1501","1":"product","2":"type-product","3":"status-publish","4":"has-post-thumbnail","6":"product_cat-other","8":"first","9":"instock","10":"sold-individually","11":"taxable","12":"shipping-taxable","13":"purchasable","14":"product-type-simple"},"locations":[],"_links":{"self":[{"href":"https:\/\/loxone.ctw.sk\/index.php\/wp-json\/wp\/v2\/product\/1501","targetHints":{"allow":["GET"]}}],"collection":[{"href":"https:\/\/loxone.ctw.sk\/index.php\/wp-json\/wp\/v2\/product"}],"about":[{"href":"https:\/\/loxone.ctw.sk\/index.php\/wp-json\/wp\/v2\/types\/product"}],"wp:featuredmedia":[{"embeddable":true,"href":"https:\/\/loxone.ctw.sk\/index.php\/wp-json\/wp\/v2\/media\/1502"}],"wp:attachment":[{"href":"https:\/\/loxone.ctw.sk\/index.php\/wp-json\/wp\/v2\/media?parent=1501"}],"wp:term":[{"taxonomy":"location","embeddable":true,"href":"https:\/\/loxone.ctw.sk\/index.php\/wp-json\/wp\/v2\/location?post=1501"},{"taxonomy":"product_brand","embeddable":true,"href":"https:\/\/loxone.ctw.sk\/index.php\/wp-json\/wp\/v2\/product_brand?post=1501"},{"taxonomy":"product_cat","embeddable":true,"href":"https:\/\/loxone.ctw.sk\/index.php\/wp-json\/wp\/v2\/product_cat?post=1501"},{"taxonomy":"product_tag","embeddable":true,"href":"https:\/\/loxone.ctw.sk\/index.php\/wp-json\/wp\/v2\/product_tag?post=1501"}],"curies":[{"name":"wp","href":"https:\/\/api.w.org\/{rel}","templated":true}]}}