{"id":1514,"date":"2026-01-09T10:37:01","date_gmt":"2026-01-09T09:37:01","guid":{"rendered":"https:\/\/shop.dohlad.info\/index.php\/product\/samolepka-na-auto-logo-s-cierna\/"},"modified":"2026-02-08T14:39:19","modified_gmt":"2026-02-08T13:39:19","slug":"samolepka-na-auto-logo-s-cierna","status":"publish","type":"product","link":"https:\/\/loxone.ctw.sk\/index.php\/product\/samolepka-na-auto-logo-s-cierna\/","title":{"rendered":"Samolepka na auto logo S \u010dierna"},"content":{"rendered":"<p>So samolepkami na auto Loxone m\u00f4\u017eete uk\u00e1za\u0165 svoju v\u00e1\u0161e\u0148 pre Loxone! N\u00e1lepky ale nevyzeraj\u00fa dobre len na aute \u2013 m\u00f4\u017ee nimi by\u0165 ozna\u010den\u00fd aj v\u00e1\u0161 notebook, rozv\u00e1dza\u010d alebo n\u00e1bytok. S r\u00f4znymi ve\u013ekos\u0165ami a farbami neexistuj\u00fa \u017eiadne obmedzenia.<\/p>\n<ul>\n<li>K dispoz\u00edcii v r\u00f4znych farb\u00e1ch a ve\u013ekostiach.<\/li>\n<li>Bez pozadia.<\/li>\n<li>Rozmery: 113\u00d725 mm.<\/li>\n<\/ul>\n","protected":false},"excerpt":{"rendered":"<p>So samolepkami na auto Loxone m\u00f4\u017eete uk\u00e1za\u0165 svoju v\u00e1\u0161e\u0148 pre Loxone! N\u00e1lepky ale nevyzeraj\u00fa dobre len na aute \u2013 m\u00f4\u017ee nimi by\u0165 ozna\u010den\u00fd aj v\u00e1\u0161 notebook, rozv\u00e1dza\u010d alebo n\u00e1bytok. S r\u00f4znymi ve\u013ekos\u0165ami a farbami neexistuj\u00fa \u017eiadne obmedzenia.<\/p>\n<p>&nbsp;<\/p>\n","protected":false},"featured_media":1515,"template":"","meta":[],"location":[],"product_brand":[],"product_cat":[369],"product_tag":[],"class_list":{"0":"post-1514","1":"product","2":"type-product","3":"status-publish","4":"has-post-thumbnail","6":"product_cat-other","8":"first","9":"instock","10":"sold-individually","11":"taxable","12":"shipping-taxable","13":"purchasable","14":"product-type-simple"},"locations":[],"_links":{"self":[{"href":"https:\/\/loxone.ctw.sk\/index.php\/wp-json\/wp\/v2\/product\/1514","targetHints":{"allow":["GET"]}}],"collection":[{"href":"https:\/\/loxone.ctw.sk\/index.php\/wp-json\/wp\/v2\/product"}],"about":[{"href":"https:\/\/loxone.ctw.sk\/index.php\/wp-json\/wp\/v2\/types\/product"}],"wp:featuredmedia":[{"embeddable":true,"href":"https:\/\/loxone.ctw.sk\/index.php\/wp-json\/wp\/v2\/media\/1515"}],"wp:attachment":[{"href":"https:\/\/loxone.ctw.sk\/index.php\/wp-json\/wp\/v2\/media?parent=1514"}],"wp:term":[{"taxonomy":"location","embeddable":true,"href":"https:\/\/loxone.ctw.sk\/index.php\/wp-json\/wp\/v2\/location?post=1514"},{"taxonomy":"product_brand","embeddable":true,"href":"https:\/\/loxone.ctw.sk\/index.php\/wp-json\/wp\/v2\/product_brand?post=1514"},{"taxonomy":"product_cat","embeddable":true,"href":"https:\/\/loxone.ctw.sk\/index.php\/wp-json\/wp\/v2\/product_cat?post=1514"},{"taxonomy":"product_tag","embeddable":true,"href":"https:\/\/loxone.ctw.sk\/index.php\/wp-json\/wp\/v2\/product_tag?post=1514"}],"curies":[{"name":"wp","href":"https:\/\/api.w.org\/{rel}","templated":true}]}}