{"id":1526,"date":"2026-01-09T10:37:01","date_gmt":"2026-01-09T09:37:01","guid":{"rendered":"https:\/\/shop.dohlad.info\/index.php\/product\/siltovka\/"},"modified":"2026-01-09T10:37:24","modified_gmt":"2026-01-09T09:37:24","slug":"siltovka","status":"publish","type":"product","link":"https:\/\/loxone.ctw.sk\/index.php\/product\/siltovka\/","title":{"rendered":"\u0160iltovka"},"content":{"rendered":"<p>Trendy \u0161iltovka v \u010diernej farbe s decentn\u00fdm, pre Loxone typick\u00fdm zelen\u00fdm logom. Nastavenie ve\u013ekosti pomocou klipsov\u00e9ho zap\u00ednania v matne striebornej farbe s kovov\u00fdm o\u010dkom.<\/p>\n","protected":false},"excerpt":{"rendered":"<p>Trendy \u0161iltovka v \u010diernej farbe s decentn\u00fdm, pre Loxone typick\u00fdm zelen\u00fdm logom. Nastavenie ve\u013ekosti pomocou klipsov\u00e9ho zap\u00ednania v matne striebornej farbe s kovov\u00fdm o\u010dkom.<\/p>\n","protected":false},"featured_media":1527,"template":"","meta":[],"location":[],"product_brand":[],"product_cat":[369],"product_tag":[],"class_list":{"0":"post-1526","1":"product","2":"type-product","3":"status-publish","4":"has-post-thumbnail","6":"product_cat-other","8":"first","9":"instock","10":"sold-individually","11":"taxable","12":"shipping-taxable","13":"purchasable","14":"product-type-simple"},"locations":[],"_links":{"self":[{"href":"https:\/\/loxone.ctw.sk\/index.php\/wp-json\/wp\/v2\/product\/1526","targetHints":{"allow":["GET"]}}],"collection":[{"href":"https:\/\/loxone.ctw.sk\/index.php\/wp-json\/wp\/v2\/product"}],"about":[{"href":"https:\/\/loxone.ctw.sk\/index.php\/wp-json\/wp\/v2\/types\/product"}],"wp:featuredmedia":[{"embeddable":true,"href":"https:\/\/loxone.ctw.sk\/index.php\/wp-json\/wp\/v2\/media\/1527"}],"wp:attachment":[{"href":"https:\/\/loxone.ctw.sk\/index.php\/wp-json\/wp\/v2\/media?parent=1526"}],"wp:term":[{"taxonomy":"location","embeddable":true,"href":"https:\/\/loxone.ctw.sk\/index.php\/wp-json\/wp\/v2\/location?post=1526"},{"taxonomy":"product_brand","embeddable":true,"href":"https:\/\/loxone.ctw.sk\/index.php\/wp-json\/wp\/v2\/product_brand?post=1526"},{"taxonomy":"product_cat","embeddable":true,"href":"https:\/\/loxone.ctw.sk\/index.php\/wp-json\/wp\/v2\/product_cat?post=1526"},{"taxonomy":"product_tag","embeddable":true,"href":"https:\/\/loxone.ctw.sk\/index.php\/wp-json\/wp\/v2\/product_tag?post=1526"}],"curies":[{"name":"wp","href":"https:\/\/api.w.org\/{rel}","templated":true}]}}