{"id":1528,"date":"2026-01-09T10:37:01","date_gmt":"2026-01-09T09:37:01","guid":{"rendered":"https:\/\/shop.dohlad.info\/index.php\/product\/pinzeta-na-poistky-pre-power-supply-backup\/"},"modified":"2026-01-09T10:37:25","modified_gmt":"2026-01-09T09:37:25","slug":"pinzeta-na-poistky-pre-power-supply-backup","status":"publish","type":"product","link":"https:\/\/loxone.ctw.sk\/index.php\/product\/pinzeta-na-poistky-pre-power-supply-backup\/","title":{"rendered":"Pinzeta na poistky pre Power Supply &#038; Backup"},"content":{"rendered":"<p>N\u00e1hradn\u00fd poistkov\u00fd n\u00e1stroj na v\u00fdmenu poistiek nap\u00e1jacieho zdroja &amp; Z\u00e1lohova\u0165.<\/p>\n","protected":false},"excerpt":{"rendered":"<p>N\u00e1hradn\u00fd poistkov\u00fd n\u00e1stroj na v\u00fdmenu poistiek nap\u00e1jacieho zdroja &amp; Z\u00e1lohova\u0165.<\/p>\n","protected":false},"featured_media":1529,"template":"","meta":[],"location":[],"product_brand":[],"product_cat":[15],"product_tag":[],"class_list":{"0":"post-1528","1":"product","2":"type-product","3":"status-publish","4":"has-post-thumbnail","6":"product_cat-uncategorized","8":"first","9":"instock","10":"sold-individually","11":"taxable","12":"shipping-taxable","13":"purchasable","14":"product-type-simple"},"locations":[],"_links":{"self":[{"href":"https:\/\/loxone.ctw.sk\/index.php\/wp-json\/wp\/v2\/product\/1528","targetHints":{"allow":["GET"]}}],"collection":[{"href":"https:\/\/loxone.ctw.sk\/index.php\/wp-json\/wp\/v2\/product"}],"about":[{"href":"https:\/\/loxone.ctw.sk\/index.php\/wp-json\/wp\/v2\/types\/product"}],"wp:featuredmedia":[{"embeddable":true,"href":"https:\/\/loxone.ctw.sk\/index.php\/wp-json\/wp\/v2\/media\/1529"}],"wp:attachment":[{"href":"https:\/\/loxone.ctw.sk\/index.php\/wp-json\/wp\/v2\/media?parent=1528"}],"wp:term":[{"taxonomy":"location","embeddable":true,"href":"https:\/\/loxone.ctw.sk\/index.php\/wp-json\/wp\/v2\/location?post=1528"},{"taxonomy":"product_brand","embeddable":true,"href":"https:\/\/loxone.ctw.sk\/index.php\/wp-json\/wp\/v2\/product_brand?post=1528"},{"taxonomy":"product_cat","embeddable":true,"href":"https:\/\/loxone.ctw.sk\/index.php\/wp-json\/wp\/v2\/product_cat?post=1528"},{"taxonomy":"product_tag","embeddable":true,"href":"https:\/\/loxone.ctw.sk\/index.php\/wp-json\/wp\/v2\/product_tag?post=1528"}],"curies":[{"name":"wp","href":"https:\/\/api.w.org\/{rel}","templated":true}]}}