{"id":1530,"date":"2026-01-09T10:37:01","date_gmt":"2026-01-09T09:37:01","guid":{"rendered":"https:\/\/shop.dohlad.info\/index.php\/product\/podpivniky-loxone-8-ks\/"},"modified":"2026-02-08T14:41:11","modified_gmt":"2026-02-08T13:41:11","slug":"podpivniky-loxone-8-ks","status":"publish","type":"product","link":"https:\/\/loxone.ctw.sk\/index.php\/product\/podpivniky-loxone-8-ks\/","title":{"rendered":"Podpivn\u00edky Loxone (8 ks)"},"content":{"rendered":"<p>\u010ci u\u017e pri oddychovom drinku po pr\u00e1ci alebo pri z\u00e1bave s priate\u013emi \u2013 na\u0161e exkluz\u00edvne Loxone podpivn\u00edky dodaj\u00fa stolu ten prav\u00fd \u0161mrnc. V\u010faka kvalitnej tla\u010di a \u0161t\u00fdlov\u00e9mu dizajnu s\u00fa neprehliadnute\u013en\u00fdm detailom, ktor\u00fd pote\u0161\u00ed ka\u017ed\u00e9ho!<\/p>\n<ul>\n<li><strong>Nezamenite\u013en\u00fd must-have pre fan\u00fa\u0161ikov Loxone<\/strong><\/li>\n<li>Balenie obsahuje 8 podpivn\u00edkov<\/li>\n<\/ul>\n","protected":false},"excerpt":{"rendered":"<p>\u010ci u\u017e pri oddychovom drinku po pr\u00e1ci alebo pri z\u00e1bave s priate\u013emi \u2013 na\u0161e exkluz\u00edvne Loxone podpivn\u00edky dodaj\u00fa stolu ten prav\u00fd \u0161mrnc. V\u010faka kvalitnej tla\u010di a \u0161t\u00fdlov\u00e9mu dizajnu s\u00fa neprehliadnute\u013en\u00fdm detailom, ktor\u00fd pote\u0161\u00ed ka\u017ed\u00e9ho!<\/p>\n<p>&nbsp;<\/p>\n","protected":false},"featured_media":1531,"template":"","meta":[],"location":[],"product_brand":[],"product_cat":[369],"product_tag":[],"class_list":{"0":"post-1530","1":"product","2":"type-product","3":"status-publish","4":"has-post-thumbnail","6":"product_cat-other","8":"first","9":"instock","10":"sold-individually","11":"taxable","12":"shipping-taxable","13":"purchasable","14":"product-type-simple"},"locations":[],"_links":{"self":[{"href":"https:\/\/loxone.ctw.sk\/index.php\/wp-json\/wp\/v2\/product\/1530","targetHints":{"allow":["GET"]}}],"collection":[{"href":"https:\/\/loxone.ctw.sk\/index.php\/wp-json\/wp\/v2\/product"}],"about":[{"href":"https:\/\/loxone.ctw.sk\/index.php\/wp-json\/wp\/v2\/types\/product"}],"wp:featuredmedia":[{"embeddable":true,"href":"https:\/\/loxone.ctw.sk\/index.php\/wp-json\/wp\/v2\/media\/1531"}],"wp:attachment":[{"href":"https:\/\/loxone.ctw.sk\/index.php\/wp-json\/wp\/v2\/media?parent=1530"}],"wp:term":[{"taxonomy":"location","embeddable":true,"href":"https:\/\/loxone.ctw.sk\/index.php\/wp-json\/wp\/v2\/location?post=1530"},{"taxonomy":"product_brand","embeddable":true,"href":"https:\/\/loxone.ctw.sk\/index.php\/wp-json\/wp\/v2\/product_brand?post=1530"},{"taxonomy":"product_cat","embeddable":true,"href":"https:\/\/loxone.ctw.sk\/index.php\/wp-json\/wp\/v2\/product_cat?post=1530"},{"taxonomy":"product_tag","embeddable":true,"href":"https:\/\/loxone.ctw.sk\/index.php\/wp-json\/wp\/v2\/product_tag?post=1530"}],"curies":[{"name":"wp","href":"https:\/\/api.w.org\/{rel}","templated":true}]}}