{"id":1541,"date":"2026-01-09T10:37:32","date_gmt":"2026-01-09T09:37:32","guid":{"rendered":"https:\/\/shop.dohlad.info\/index.php\/product\/signum-phase-2-wall-speaker-antracitova\/"},"modified":"2026-01-09T10:37:34","modified_gmt":"2026-01-09T09:37:34","slug":"signum-phase-2-wall-speaker-antracitova","status":"publish","type":"product","link":"https:\/\/loxone.ctw.sk\/index.php\/product\/signum-phase-2-wall-speaker-antracitova\/","title":{"rendered":"SIGNUM PHASE 2 Wall Speaker antracitov\u00e1"},"content":{"rendered":"<p>SIGNUM PHASE 2 je skuto\u010dn\u00fd univerz\u00e1l. \u010ci u\u017e ho pou\u017eijete <strong>pre stereo alebo surround zvuk<\/strong>, na stene, na skrinke alebo v reg\u00e1li, SIGNUM PHASE 2 v\u017edy spln\u00ed va\u0161e o\u010dak\u00e1vania. Aby zvl\u00e1dol aj vy\u0161\u0161iu hlasitos\u0165, je vynikaj\u00faci v\u00fd\u0161kov\u00fd reproduktor RiCom Sigma doplnen\u00fd rovno dvoma basov\u00fdmi meni\u010dmi. Pre dokonal\u00fa reprodukciu najhlb\u0161\u00edch okt\u00e1v odpor\u00fa\u010dame doplni\u0165 zostavu subwooferom quadral QUBE.<\/p>\n","protected":false},"excerpt":{"rendered":"<p>SIGNUM PHASE 2 je skuto\u010dn\u00fd univerz\u00e1l. \u010ci u\u017e ho pou\u017eijete <strong>pre stereo alebo surround zvuk<\/strong>, na stene, na skrinke alebo v reg\u00e1li, SIGNUM PHASE 2 v\u017edy spln\u00ed va\u0161e o\u010dak\u00e1vania. Aby zvl\u00e1dol aj vy\u0161\u0161iu hlasitos\u0165, je vynikaj\u00faci v\u00fd\u0161kov\u00fd reproduktor RiCom Sigma doplnen\u00fd rovno dvoma basov\u00fdmi meni\u010dmi. Pre dokonal\u00fa reprodukciu najhlb\u0161\u00edch okt\u00e1v odpor\u00fa\u010dame doplni\u0165 zostavu subwooferom quadral QUBE.<\/p>\n","protected":false},"featured_media":1542,"template":"","meta":[],"location":[],"product_brand":[],"product_cat":[357],"product_tag":[],"class_list":{"0":"post-1541","1":"product","2":"type-product","3":"status-publish","4":"has-post-thumbnail","6":"product_cat-pasivne-reproduktory","8":"first","9":"instock","10":"sold-individually","11":"taxable","12":"shipping-taxable","13":"purchasable","14":"product-type-simple"},"locations":[],"_links":{"self":[{"href":"https:\/\/loxone.ctw.sk\/index.php\/wp-json\/wp\/v2\/product\/1541","targetHints":{"allow":["GET"]}}],"collection":[{"href":"https:\/\/loxone.ctw.sk\/index.php\/wp-json\/wp\/v2\/product"}],"about":[{"href":"https:\/\/loxone.ctw.sk\/index.php\/wp-json\/wp\/v2\/types\/product"}],"wp:featuredmedia":[{"embeddable":true,"href":"https:\/\/loxone.ctw.sk\/index.php\/wp-json\/wp\/v2\/media\/1542"}],"wp:attachment":[{"href":"https:\/\/loxone.ctw.sk\/index.php\/wp-json\/wp\/v2\/media?parent=1541"}],"wp:term":[{"taxonomy":"location","embeddable":true,"href":"https:\/\/loxone.ctw.sk\/index.php\/wp-json\/wp\/v2\/location?post=1541"},{"taxonomy":"product_brand","embeddable":true,"href":"https:\/\/loxone.ctw.sk\/index.php\/wp-json\/wp\/v2\/product_brand?post=1541"},{"taxonomy":"product_cat","embeddable":true,"href":"https:\/\/loxone.ctw.sk\/index.php\/wp-json\/wp\/v2\/product_cat?post=1541"},{"taxonomy":"product_tag","embeddable":true,"href":"https:\/\/loxone.ctw.sk\/index.php\/wp-json\/wp\/v2\/product_tag?post=1541"}],"curies":[{"name":"wp","href":"https:\/\/api.w.org\/{rel}","templated":true}]}}