{"id":1543,"date":"2026-01-09T10:37:32","date_gmt":"2026-01-09T09:37:32","guid":{"rendered":"https:\/\/shop.dohlad.info\/index.php\/product\/chromium-15-base-cierna\/"},"modified":"2026-01-09T10:37:35","modified_gmt":"2026-01-09T09:37:35","slug":"chromium-15-base-cierna","status":"publish","type":"product","link":"https:\/\/loxone.ctw.sk\/index.php\/product\/chromium-15-base-cierna\/","title":{"rendered":"Chromium 15 Base \u010dierna"},"content":{"rendered":"<p>Dom\u00e1ce kino bez stredov\u00fdch reproduktorov? Ani n\u00e1hodou. Chromium 15 Base svojou kvalitou skvele a slu\u0161ivo <strong>dop\u013a\u0148a reproduktory tohto radu<\/strong>. Najm\u00e4 pri integr\u00e1cii v ob\u00fdvacej izbe zaujm\u00fa kompaktn\u00e9 rozmery a vo\u0161iel by sa aj do malej priehradky v pr\u00edborn\u00edku. V\u010faka elegantnej povrchovej \u00faprave vo vysokom lesku (HG) dokonale zapadne do miestnosti bu\u010f v \u010diernej alebo bielej variante.<\/p>\n","protected":false},"excerpt":{"rendered":"<p>Dom\u00e1ce kino bez stredov\u00fdch reproduktorov? Ani n\u00e1hodou. Chromium 15 Base svojou kvalitou skvele a slu\u0161ivo <strong>dop\u013a\u0148a reproduktory tohto radu<\/strong>. Najm\u00e4 pri integr\u00e1cii v ob\u00fdvacej izbe zaujm\u00fa kompaktn\u00e9 rozmery a vo\u0161iel by sa aj do malej priehradky v pr\u00edborn\u00edku. V\u010faka elegantnej povrchovej \u00faprave vo vysokom lesku (HG) dokonale zapadne do miestnosti bu\u010f v \u010diernej alebo bielej variante.<\/p>\n","protected":false},"featured_media":1544,"template":"","meta":[],"location":[],"product_brand":[],"product_cat":[357],"product_tag":[],"class_list":{"0":"post-1543","1":"product","2":"type-product","3":"status-publish","4":"has-post-thumbnail","6":"product_cat-pasivne-reproduktory","8":"first","9":"instock","10":"sold-individually","11":"taxable","12":"shipping-taxable","13":"purchasable","14":"product-type-simple"},"locations":[],"_links":{"self":[{"href":"https:\/\/loxone.ctw.sk\/index.php\/wp-json\/wp\/v2\/product\/1543","targetHints":{"allow":["GET"]}}],"collection":[{"href":"https:\/\/loxone.ctw.sk\/index.php\/wp-json\/wp\/v2\/product"}],"about":[{"href":"https:\/\/loxone.ctw.sk\/index.php\/wp-json\/wp\/v2\/types\/product"}],"wp:featuredmedia":[{"embeddable":true,"href":"https:\/\/loxone.ctw.sk\/index.php\/wp-json\/wp\/v2\/media\/1544"}],"wp:attachment":[{"href":"https:\/\/loxone.ctw.sk\/index.php\/wp-json\/wp\/v2\/media?parent=1543"}],"wp:term":[{"taxonomy":"location","embeddable":true,"href":"https:\/\/loxone.ctw.sk\/index.php\/wp-json\/wp\/v2\/location?post=1543"},{"taxonomy":"product_brand","embeddable":true,"href":"https:\/\/loxone.ctw.sk\/index.php\/wp-json\/wp\/v2\/product_brand?post=1543"},{"taxonomy":"product_cat","embeddable":true,"href":"https:\/\/loxone.ctw.sk\/index.php\/wp-json\/wp\/v2\/product_cat?post=1543"},{"taxonomy":"product_tag","embeddable":true,"href":"https:\/\/loxone.ctw.sk\/index.php\/wp-json\/wp\/v2\/product_tag?post=1543"}],"curies":[{"name":"wp","href":"https:\/\/api.w.org\/{rel}","templated":true}]}}