{"id":1553,"date":"2026-01-09T10:37:32","date_gmt":"2026-01-09T09:37:32","guid":{"rendered":"https:\/\/shop.dohlad.info\/index.php\/product\/chromium-35-biela-par\/"},"modified":"2026-01-09T10:37:38","modified_gmt":"2026-01-09T09:37:38","slug":"chromium-35-biela-par","status":"publish","type":"product","link":"https:\/\/loxone.ctw.sk\/index.php\/product\/chromium-35-biela-par\/","title":{"rendered":"Chromium 35 biela p\u00e1r"},"content":{"rendered":"<p>Elegantn\u00fd, kompaktn\u00fd a v\u00fdkonn\u00fd. Tak\u00fd je reproduktor Chromium 35, ktor\u00fd dokonale <strong>sp\u013a\u0148a po\u017eiadavky na pr\u00e9miov\u00fa audio kvalitu<\/strong> v mimoriadne atrakt\u00edvnom preveden\u00ed. Je univerz\u00e1lna a bez probl\u00e9mov si porad\u00ed s ak\u00fdmko\u013evek hudobn\u00fdm \u017e\u00e1nrom. Chromium 35 mo\u017eno samozrejme vyu\u017ei\u0165 aj v \u0161pi\u010dkovom dom\u00e1com kine ako predn\u00fd alebo zadn\u00fd reproduktor.<\/p>\n<p><strong>Uveden\u00e1 cena sa vz\u0165ahuje na 1 sadu (2 kusy)!<\/strong><\/p>\n","protected":false},"excerpt":{"rendered":"<p>Elegantn\u00fd, kompaktn\u00fd a v\u00fdkonn\u00fd. Tak\u00fd je reproduktor Chromium 35, ktor\u00fd dokonale <strong>sp\u013a\u0148a po\u017eiadavky na pr\u00e9miov\u00fa audio kvalitu<\/strong> v mimoriadne atrakt\u00edvnom preveden\u00ed. Je univerz\u00e1lna a bez probl\u00e9mov si porad\u00ed s ak\u00fdmko\u013evek hudobn\u00fdm \u017e\u00e1nrom. Chromium 35 mo\u017eno samozrejme vyu\u017ei\u0165 aj v \u0161pi\u010dkovom dom\u00e1com kine ako predn\u00fd alebo zadn\u00fd reproduktor.<\/p>\n<p><strong>Uveden\u00e1 cena sa vz\u0165ahuje na 1 sadu (2 kusy)!<\/strong><\/p>\n","protected":false},"featured_media":1554,"template":"","meta":[],"location":[],"product_brand":[],"product_cat":[357],"product_tag":[],"class_list":{"0":"post-1553","1":"product","2":"type-product","3":"status-publish","4":"has-post-thumbnail","6":"product_cat-pasivne-reproduktory","8":"first","9":"instock","10":"sold-individually","11":"taxable","12":"shipping-taxable","13":"purchasable","14":"product-type-simple"},"locations":[],"_links":{"self":[{"href":"https:\/\/loxone.ctw.sk\/index.php\/wp-json\/wp\/v2\/product\/1553","targetHints":{"allow":["GET"]}}],"collection":[{"href":"https:\/\/loxone.ctw.sk\/index.php\/wp-json\/wp\/v2\/product"}],"about":[{"href":"https:\/\/loxone.ctw.sk\/index.php\/wp-json\/wp\/v2\/types\/product"}],"wp:featuredmedia":[{"embeddable":true,"href":"https:\/\/loxone.ctw.sk\/index.php\/wp-json\/wp\/v2\/media\/1554"}],"wp:attachment":[{"href":"https:\/\/loxone.ctw.sk\/index.php\/wp-json\/wp\/v2\/media?parent=1553"}],"wp:term":[{"taxonomy":"location","embeddable":true,"href":"https:\/\/loxone.ctw.sk\/index.php\/wp-json\/wp\/v2\/location?post=1553"},{"taxonomy":"product_brand","embeddable":true,"href":"https:\/\/loxone.ctw.sk\/index.php\/wp-json\/wp\/v2\/product_brand?post=1553"},{"taxonomy":"product_cat","embeddable":true,"href":"https:\/\/loxone.ctw.sk\/index.php\/wp-json\/wp\/v2\/product_cat?post=1553"},{"taxonomy":"product_tag","embeddable":true,"href":"https:\/\/loxone.ctw.sk\/index.php\/wp-json\/wp\/v2\/product_tag?post=1553"}],"curies":[{"name":"wp","href":"https:\/\/api.w.org\/{rel}","templated":true}]}}