{"id":1563,"date":"2026-01-09T10:37:32","date_gmt":"2026-01-09T09:37:32","guid":{"rendered":"https:\/\/shop.dohlad.info\/index.php\/product\/chromium-65-biela\/"},"modified":"2026-01-09T10:37:40","modified_gmt":"2026-01-09T09:37:40","slug":"chromium-65-biela","status":"publish","type":"product","link":"https:\/\/loxone.ctw.sk\/index.php\/product\/chromium-65-biela\/","title":{"rendered":"Chromium 65 biela"},"content":{"rendered":"<p>Chromium 65 okam\u017eite zaujme svojou \u0161t\u00edhlou eleganciou. Ale nenechajte sa zmias\u0165, pon\u00faka viac ako kr\u00e1sny vzh\u013ead. Akon\u00e1hle Chromium 65 zahr\u00e1 prv\u00fd t\u00f3n, <strong>ochrom\u00ed posluch\u00e1\u010dov svojou silou a h\u013abkou. <\/strong>V\u010faka fantastick\u00e9mu v\u00fd\u0161kov\u00e9mu reproduktoru E-sense samozrejme zaobch\u00e1dza s hudbou s citom.<\/p>\n","protected":false},"excerpt":{"rendered":"<p>Chromium 65 okam\u017eite zaujme svojou \u0161t\u00edhlou eleganciou. Ale nenechajte sa zmias\u0165, pon\u00faka viac ako kr\u00e1sny vzh\u013ead. Akon\u00e1hle Chromium 65 zahr\u00e1 prv\u00fd t\u00f3n, <strong>ochrom\u00ed posluch\u00e1\u010dov svojou silou a h\u013abkou. <\/strong>V\u010faka fantastick\u00e9mu v\u00fd\u0161kov\u00e9mu reproduktoru E-sense samozrejme zaobch\u00e1dza s hudbou s citom.<\/p>\n","protected":false},"featured_media":1564,"template":"","meta":[],"location":[],"product_brand":[],"product_cat":[357],"product_tag":[],"class_list":{"0":"post-1563","1":"product","2":"type-product","3":"status-publish","4":"has-post-thumbnail","6":"product_cat-pasivne-reproduktory","8":"first","9":"instock","10":"sold-individually","11":"taxable","12":"shipping-taxable","13":"purchasable","14":"product-type-simple"},"locations":[],"_links":{"self":[{"href":"https:\/\/loxone.ctw.sk\/index.php\/wp-json\/wp\/v2\/product\/1563","targetHints":{"allow":["GET"]}}],"collection":[{"href":"https:\/\/loxone.ctw.sk\/index.php\/wp-json\/wp\/v2\/product"}],"about":[{"href":"https:\/\/loxone.ctw.sk\/index.php\/wp-json\/wp\/v2\/types\/product"}],"wp:featuredmedia":[{"embeddable":true,"href":"https:\/\/loxone.ctw.sk\/index.php\/wp-json\/wp\/v2\/media\/1564"}],"wp:attachment":[{"href":"https:\/\/loxone.ctw.sk\/index.php\/wp-json\/wp\/v2\/media?parent=1563"}],"wp:term":[{"taxonomy":"location","embeddable":true,"href":"https:\/\/loxone.ctw.sk\/index.php\/wp-json\/wp\/v2\/location?post=1563"},{"taxonomy":"product_brand","embeddable":true,"href":"https:\/\/loxone.ctw.sk\/index.php\/wp-json\/wp\/v2\/product_brand?post=1563"},{"taxonomy":"product_cat","embeddable":true,"href":"https:\/\/loxone.ctw.sk\/index.php\/wp-json\/wp\/v2\/product_cat?post=1563"},{"taxonomy":"product_tag","embeddable":true,"href":"https:\/\/loxone.ctw.sk\/index.php\/wp-json\/wp\/v2\/product_tag?post=1563"}],"curies":[{"name":"wp","href":"https:\/\/api.w.org\/{rel}","templated":true}]}}