{"id":1573,"date":"2026-01-09T10:37:32","date_gmt":"2026-01-09T09:37:32","guid":{"rendered":"https:\/\/shop.dohlad.info\/index.php\/product\/chromium-85-biela\/"},"modified":"2026-01-09T10:37:43","modified_gmt":"2026-01-09T09:37:43","slug":"chromium-85-biela","status":"publish","type":"product","link":"https:\/\/loxone.ctw.sk\/index.php\/product\/chromium-85-biela\/","title":{"rendered":"Chromium 85 biela"},"content":{"rendered":"<p>Chromium 85 je stelesnen\u00edm majstrovskej symbi\u00f3zy vzh\u013eadu a akustiky. V\u010faka vyspelej v\u00fdrobnej technol\u00f3gii a vyladen\u00fdm komponentom vyk\u00fazli neuverite\u013en\u00fd v\u00fdkon, ktor\u00fd <strong>bez probl\u00e9mu a s razanciou prenesie do miestnosti aj tie najhlb\u0161ie basy<\/strong>. Sp\u00e1ja do jedn\u00e9ho celku najlep\u0161iu technol\u00f3giu p\u00e1skov\u00e9ho v\u00fd\u0161kov\u00e9ho reproduktora E-sense, membr\u00e1n zo zliatiny hlin\u00edka a hor\u010d\u00edka a nekompromisnej frekven\u010dnej v\u00fdhybky. Chromium 85 skr\u00e1tka nejde len tak ob\u00eds\u0165 a nevysk\u00fa\u0161a\u0165.<\/p>\n","protected":false},"excerpt":{"rendered":"<p>Chromium 85 je stelesnen\u00edm majstrovskej symbi\u00f3zy vzh\u013eadu a akustiky. V\u010faka vyspelej v\u00fdrobnej technol\u00f3gii a vyladen\u00fdm komponentom vyk\u00fazli neuverite\u013en\u00fd v\u00fdkon, ktor\u00fd <strong>bez probl\u00e9mu a s razanciou prenesie do miestnosti aj tie najhlb\u0161ie basy<\/strong>. Sp\u00e1ja do jedn\u00e9ho celku najlep\u0161iu technol\u00f3giu p\u00e1skov\u00e9ho v\u00fd\u0161kov\u00e9ho reproduktora E-sense, membr\u00e1n zo zliatiny hlin\u00edka a hor\u010d\u00edka a nekompromisnej frekven\u010dnej v\u00fdhybky. Chromium 85 skr\u00e1tka nejde len tak ob\u00eds\u0165 a nevysk\u00fa\u0161a\u0165.<\/p>\n","protected":false},"featured_media":1574,"template":"","meta":[],"location":[],"product_brand":[],"product_cat":[357],"product_tag":[],"class_list":{"0":"post-1573","1":"product","2":"type-product","3":"status-publish","4":"has-post-thumbnail","6":"product_cat-pasivne-reproduktory","8":"first","9":"instock","10":"sold-individually","11":"taxable","12":"shipping-taxable","13":"purchasable","14":"product-type-simple"},"locations":[],"_links":{"self":[{"href":"https:\/\/loxone.ctw.sk\/index.php\/wp-json\/wp\/v2\/product\/1573","targetHints":{"allow":["GET"]}}],"collection":[{"href":"https:\/\/loxone.ctw.sk\/index.php\/wp-json\/wp\/v2\/product"}],"about":[{"href":"https:\/\/loxone.ctw.sk\/index.php\/wp-json\/wp\/v2\/types\/product"}],"wp:featuredmedia":[{"embeddable":true,"href":"https:\/\/loxone.ctw.sk\/index.php\/wp-json\/wp\/v2\/media\/1574"}],"wp:attachment":[{"href":"https:\/\/loxone.ctw.sk\/index.php\/wp-json\/wp\/v2\/media?parent=1573"}],"wp:term":[{"taxonomy":"location","embeddable":true,"href":"https:\/\/loxone.ctw.sk\/index.php\/wp-json\/wp\/v2\/location?post=1573"},{"taxonomy":"product_brand","embeddable":true,"href":"https:\/\/loxone.ctw.sk\/index.php\/wp-json\/wp\/v2\/product_brand?post=1573"},{"taxonomy":"product_cat","embeddable":true,"href":"https:\/\/loxone.ctw.sk\/index.php\/wp-json\/wp\/v2\/product_cat?post=1573"},{"taxonomy":"product_tag","embeddable":true,"href":"https:\/\/loxone.ctw.sk\/index.php\/wp-json\/wp\/v2\/product_tag?post=1573"}],"curies":[{"name":"wp","href":"https:\/\/api.w.org\/{rel}","templated":true}]}}