{"id":1578,"date":"2026-01-09T10:37:32","date_gmt":"2026-01-09T09:37:32","guid":{"rendered":"https:\/\/shop.dohlad.info\/index.php\/product\/orkus-dsp-cierna\/"},"modified":"2026-01-09T10:37:45","modified_gmt":"2026-01-09T09:37:45","slug":"orkus-dsp-cierna","status":"publish","type":"product","link":"https:\/\/loxone.ctw.sk\/index.php\/product\/orkus-dsp-cierna\/","title":{"rendered":"Orkus DSP \u010dierna"},"content":{"rendered":"<p>To s\u00fa h\u013abky! Qube Orkus DSP je <strong>majstrom basov<\/strong> od quadralu. Hudbu a dom\u00e1ce kino doslova uc\u00edtite v\u010faka 12-palcov\u00e9mu wooferu. Pre optim\u00e1lne prisp\u00f4sobenie polohe a miestnosti m\u00e1 Orkus DSP rad funkci\u00ed na nastavenie frekven\u010dnej odozvy.<\/p>\n","protected":false},"excerpt":{"rendered":"<p>To s\u00fa h\u013abky! Qube Orkus DSP je <strong>majstrom basov<\/strong> od quadralu. Hudbu a dom\u00e1ce kino doslova uc\u00edtite v\u010faka 12-palcov\u00e9mu wooferu. Pre optim\u00e1lne prisp\u00f4sobenie polohe a miestnosti m\u00e1 Orkus DSP rad funkci\u00ed na nastavenie frekven\u010dnej odozvy.<\/p>\n","protected":false},"featured_media":1579,"template":"","meta":[],"location":[],"product_brand":[],"product_cat":[334],"product_tag":[],"class_list":{"0":"post-1578","1":"product","2":"type-product","3":"status-publish","4":"has-post-thumbnail","6":"product_cat-aktivne-reproduktory","8":"first","9":"instock","10":"sold-individually","11":"taxable","12":"shipping-taxable","13":"purchasable","14":"product-type-simple"},"locations":[],"_links":{"self":[{"href":"https:\/\/loxone.ctw.sk\/index.php\/wp-json\/wp\/v2\/product\/1578","targetHints":{"allow":["GET"]}}],"collection":[{"href":"https:\/\/loxone.ctw.sk\/index.php\/wp-json\/wp\/v2\/product"}],"about":[{"href":"https:\/\/loxone.ctw.sk\/index.php\/wp-json\/wp\/v2\/types\/product"}],"wp:featuredmedia":[{"embeddable":true,"href":"https:\/\/loxone.ctw.sk\/index.php\/wp-json\/wp\/v2\/media\/1579"}],"wp:attachment":[{"href":"https:\/\/loxone.ctw.sk\/index.php\/wp-json\/wp\/v2\/media?parent=1578"}],"wp:term":[{"taxonomy":"location","embeddable":true,"href":"https:\/\/loxone.ctw.sk\/index.php\/wp-json\/wp\/v2\/location?post=1578"},{"taxonomy":"product_brand","embeddable":true,"href":"https:\/\/loxone.ctw.sk\/index.php\/wp-json\/wp\/v2\/product_brand?post=1578"},{"taxonomy":"product_cat","embeddable":true,"href":"https:\/\/loxone.ctw.sk\/index.php\/wp-json\/wp\/v2\/product_cat?post=1578"},{"taxonomy":"product_tag","embeddable":true,"href":"https:\/\/loxone.ctw.sk\/index.php\/wp-json\/wp\/v2\/product_tag?post=1578"}],"curies":[{"name":"wp","href":"https:\/\/api.w.org\/{rel}","templated":true}]}}