{"id":1588,"date":"2026-01-09T10:37:32","date_gmt":"2026-01-09T09:37:32","guid":{"rendered":"https:\/\/shop.dohlad.info\/index.php\/product\/chromium-phase-cierna\/"},"modified":"2026-01-09T10:37:48","modified_gmt":"2026-01-09T09:37:48","slug":"chromium-phase-cierna","status":"publish","type":"product","link":"https:\/\/loxone.ctw.sk\/index.php\/product\/chromium-phase-cierna\/","title":{"rendered":"Chromium Phase \u010dierna"},"content":{"rendered":"<p>Univerz\u00e1lny, v\u0161estrann\u00fd a v\u00fdkonn\u00fd \u2013 to s\u00fa vlastnosti, ktor\u00e9 Chromium Phase sp\u00e1ja ako \u017eiadny in\u00fd reproduktor. \u010ci u\u017e je namontovan\u00fd na stene alebo pomocou oto\u010dn\u00e9ho dr\u017eiaka pod stropom, tento \u0161t\u00edhly reproduktor s exkluz\u00edvnym p\u00e1skov\u00fdm v\u00fd\u0161kov\u00fdm reproduktorom E-sense <strong>poskytuje prvotriedny zvuk<\/strong>. V stereo konfigur\u00e1cii so subwooferom quadral Qube dok\u00e1\u017ee konkurova\u0165 aj ve\u013ek\u00fdm st\u013apov\u00fdm reproduktorom.<\/p>\n","protected":false},"excerpt":{"rendered":"<p>Univerz\u00e1lny, v\u0161estrann\u00fd a v\u00fdkonn\u00fd \u2013 to s\u00fa vlastnosti, ktor\u00e9 Chromium Phase sp\u00e1ja ako \u017eiadny in\u00fd reproduktor. \u010ci u\u017e je namontovan\u00fd na stene alebo pomocou oto\u010dn\u00e9ho dr\u017eiaka pod stropom, tento \u0161t\u00edhly reproduktor s exkluz\u00edvnym p\u00e1skov\u00fdm v\u00fd\u0161kov\u00fdm reproduktorom E-sense <strong>poskytuje prvotriedny zvuk<\/strong>. V stereo konfigur\u00e1cii so subwooferom quadral Qube dok\u00e1\u017ee konkurova\u0165 aj ve\u013ek\u00fdm st\u013apov\u00fdm reproduktorom.<\/p>\n","protected":false},"featured_media":1589,"template":"","meta":[],"location":[],"product_brand":[],"product_cat":[357],"product_tag":[],"class_list":{"0":"post-1588","1":"product","2":"type-product","3":"status-publish","4":"has-post-thumbnail","6":"product_cat-pasivne-reproduktory","8":"first","9":"instock","10":"sold-individually","11":"taxable","12":"shipping-taxable","13":"purchasable","14":"product-type-simple"},"locations":[],"_links":{"self":[{"href":"https:\/\/loxone.ctw.sk\/index.php\/wp-json\/wp\/v2\/product\/1588","targetHints":{"allow":["GET"]}}],"collection":[{"href":"https:\/\/loxone.ctw.sk\/index.php\/wp-json\/wp\/v2\/product"}],"about":[{"href":"https:\/\/loxone.ctw.sk\/index.php\/wp-json\/wp\/v2\/types\/product"}],"wp:featuredmedia":[{"embeddable":true,"href":"https:\/\/loxone.ctw.sk\/index.php\/wp-json\/wp\/v2\/media\/1589"}],"wp:attachment":[{"href":"https:\/\/loxone.ctw.sk\/index.php\/wp-json\/wp\/v2\/media?parent=1588"}],"wp:term":[{"taxonomy":"location","embeddable":true,"href":"https:\/\/loxone.ctw.sk\/index.php\/wp-json\/wp\/v2\/location?post=1588"},{"taxonomy":"product_brand","embeddable":true,"href":"https:\/\/loxone.ctw.sk\/index.php\/wp-json\/wp\/v2\/product_brand?post=1588"},{"taxonomy":"product_cat","embeddable":true,"href":"https:\/\/loxone.ctw.sk\/index.php\/wp-json\/wp\/v2\/product_cat?post=1588"},{"taxonomy":"product_tag","embeddable":true,"href":"https:\/\/loxone.ctw.sk\/index.php\/wp-json\/wp\/v2\/product_tag?post=1588"}],"curies":[{"name":"wp","href":"https:\/\/api.w.org\/{rel}","templated":true}]}}