{"id":1602,"date":"2026-01-09T10:37:32","date_gmt":"2026-01-09T09:37:32","guid":{"rendered":"https:\/\/shop.dohlad.info\/index.php\/product\/skrutkovacia-svorka-modra-2-polova\/"},"modified":"2026-01-09T10:37:53","modified_gmt":"2026-01-09T09:37:53","slug":"skrutkovacia-svorka-modra-2-polova","status":"publish","type":"product","link":"https:\/\/loxone.ctw.sk\/index.php\/product\/skrutkovacia-svorka-modra-2-polova\/","title":{"rendered":"Skrutkovacia svorka modr\u00e1 2-p\u00f3lov\u00e1"},"content":{"rendered":"<p>N\u00e1hradn\u00e1 skrutkovacia svorka modr\u00e1 2-pinov\u00e1 pre Miniserver Gen 1., Extension a Dimmer Extension (1 ks).<\/p><\/p>\n","protected":false},"excerpt":{"rendered":"<p>N\u00e1hradn\u00e1 skrutkovacia svorka modr\u00e1 2-pinov\u00e1 pre Miniserver Gen 1., Extension a Dimmer Extension (1 ks).<\/p><\/p>\n","protected":false},"featured_media":1603,"template":"","meta":[],"location":[],"product_brand":[],"product_cat":[360],"product_tag":[],"class_list":{"0":"post-1602","1":"product","2":"type-product","3":"status-publish","4":"has-post-thumbnail","6":"product_cat-nahradne-diely","8":"first","9":"instock","10":"sold-individually","11":"taxable","12":"shipping-taxable","13":"purchasable","14":"product-type-simple"},"locations":[],"_links":{"self":[{"href":"https:\/\/loxone.ctw.sk\/index.php\/wp-json\/wp\/v2\/product\/1602","targetHints":{"allow":["GET"]}}],"collection":[{"href":"https:\/\/loxone.ctw.sk\/index.php\/wp-json\/wp\/v2\/product"}],"about":[{"href":"https:\/\/loxone.ctw.sk\/index.php\/wp-json\/wp\/v2\/types\/product"}],"wp:featuredmedia":[{"embeddable":true,"href":"https:\/\/loxone.ctw.sk\/index.php\/wp-json\/wp\/v2\/media\/1603"}],"wp:attachment":[{"href":"https:\/\/loxone.ctw.sk\/index.php\/wp-json\/wp\/v2\/media?parent=1602"}],"wp:term":[{"taxonomy":"location","embeddable":true,"href":"https:\/\/loxone.ctw.sk\/index.php\/wp-json\/wp\/v2\/location?post=1602"},{"taxonomy":"product_brand","embeddable":true,"href":"https:\/\/loxone.ctw.sk\/index.php\/wp-json\/wp\/v2\/product_brand?post=1602"},{"taxonomy":"product_cat","embeddable":true,"href":"https:\/\/loxone.ctw.sk\/index.php\/wp-json\/wp\/v2\/product_cat?post=1602"},{"taxonomy":"product_tag","embeddable":true,"href":"https:\/\/loxone.ctw.sk\/index.php\/wp-json\/wp\/v2\/product_tag?post=1602"}],"curies":[{"name":"wp","href":"https:\/\/api.w.org\/{rel}","templated":true}]}}