{"id":1645,"date":"2026-01-09T10:38:03","date_gmt":"2026-01-09T09:38:03","guid":{"rendered":"https:\/\/shop.dohlad.info\/index.php\/product\/ramcek-touch-biela\/"},"modified":"2026-01-09T10:38:18","modified_gmt":"2026-01-09T09:38:18","slug":"ramcek-touch-biela","status":"publish","type":"product","link":"https:\/\/loxone.ctw.sk\/index.php\/product\/ramcek-touch-biela\/","title":{"rendered":"R\u00e1m\u010dek Touch biela"},"content":{"rendered":"<p>N\u00e1hradn\u00fd r\u00e1m\u010dek Touch biela pre Touch Tree, Touch Air, Touch for Nano a Komfortn\u00e9 senzory.<\/p>\n","protected":false},"excerpt":{"rendered":"<p>N\u00e1hradn\u00fd r\u00e1m\u010dek Touch biela pre Touch Tree, Touch Air, Touch for Nano a Komfortn\u00e9 senzory.<\/p>\n","protected":false},"featured_media":1646,"template":"","meta":[],"location":[],"product_brand":[],"product_cat":[360],"product_tag":[],"class_list":{"0":"post-1645","1":"product","2":"type-product","3":"status-publish","4":"has-post-thumbnail","6":"product_cat-nahradne-diely","8":"first","9":"instock","10":"sold-individually","11":"taxable","12":"shipping-taxable","13":"purchasable","14":"product-type-simple"},"locations":[],"_links":{"self":[{"href":"https:\/\/loxone.ctw.sk\/index.php\/wp-json\/wp\/v2\/product\/1645","targetHints":{"allow":["GET"]}}],"collection":[{"href":"https:\/\/loxone.ctw.sk\/index.php\/wp-json\/wp\/v2\/product"}],"about":[{"href":"https:\/\/loxone.ctw.sk\/index.php\/wp-json\/wp\/v2\/types\/product"}],"wp:featuredmedia":[{"embeddable":true,"href":"https:\/\/loxone.ctw.sk\/index.php\/wp-json\/wp\/v2\/media\/1646"}],"wp:attachment":[{"href":"https:\/\/loxone.ctw.sk\/index.php\/wp-json\/wp\/v2\/media?parent=1645"}],"wp:term":[{"taxonomy":"location","embeddable":true,"href":"https:\/\/loxone.ctw.sk\/index.php\/wp-json\/wp\/v2\/location?post=1645"},{"taxonomy":"product_brand","embeddable":true,"href":"https:\/\/loxone.ctw.sk\/index.php\/wp-json\/wp\/v2\/product_brand?post=1645"},{"taxonomy":"product_cat","embeddable":true,"href":"https:\/\/loxone.ctw.sk\/index.php\/wp-json\/wp\/v2\/product_cat?post=1645"},{"taxonomy":"product_tag","embeddable":true,"href":"https:\/\/loxone.ctw.sk\/index.php\/wp-json\/wp\/v2\/product_tag?post=1645"}],"curies":[{"name":"wp","href":"https:\/\/api.w.org\/{rel}","templated":true}]}}