{"id":1653,"date":"2026-01-09T10:38:03","date_gmt":"2026-01-09T09:38:03","guid":{"rendered":"https:\/\/shop.dohlad.info\/index.php\/product\/montazny-ramcek-senzor-pritomnosti-air-tree\/"},"modified":"2026-01-09T10:38:23","modified_gmt":"2026-01-09T09:38:23","slug":"montazny-ramcek-senzor-pritomnosti-air-tree","status":"publish","type":"product","link":"https:\/\/loxone.ctw.sk\/index.php\/product\/montazny-ramcek-senzor-pritomnosti-air-tree\/","title":{"rendered":"Mont\u00e1\u017eny r\u00e1m\u010dek Senzor pr\u00edtomnosti Air\/Tree"},"content":{"rendered":"<p>N\u00e1hradn\u00fd mont\u00e1\u017eny r\u00e1m\u010dek pre Senzor pr\u00edtomnosti Air &amp; Tree.<\/p><\/p>\n","protected":false},"excerpt":{"rendered":"<p>N\u00e1hradn\u00fd mont\u00e1\u017eny r\u00e1m\u010dek pre Senzor pr\u00edtomnosti Air &amp; Tree.<\/p><\/p>\n","protected":false},"featured_media":1654,"template":"","meta":[],"location":[],"product_brand":[],"product_cat":[360],"product_tag":[],"class_list":{"0":"post-1653","1":"product","2":"type-product","3":"status-publish","4":"has-post-thumbnail","6":"product_cat-nahradne-diely","8":"first","9":"instock","10":"sold-individually","11":"taxable","12":"shipping-taxable","13":"purchasable","14":"product-type-simple"},"locations":[],"_links":{"self":[{"href":"https:\/\/loxone.ctw.sk\/index.php\/wp-json\/wp\/v2\/product\/1653","targetHints":{"allow":["GET"]}}],"collection":[{"href":"https:\/\/loxone.ctw.sk\/index.php\/wp-json\/wp\/v2\/product"}],"about":[{"href":"https:\/\/loxone.ctw.sk\/index.php\/wp-json\/wp\/v2\/types\/product"}],"wp:featuredmedia":[{"embeddable":true,"href":"https:\/\/loxone.ctw.sk\/index.php\/wp-json\/wp\/v2\/media\/1654"}],"wp:attachment":[{"href":"https:\/\/loxone.ctw.sk\/index.php\/wp-json\/wp\/v2\/media?parent=1653"}],"wp:term":[{"taxonomy":"location","embeddable":true,"href":"https:\/\/loxone.ctw.sk\/index.php\/wp-json\/wp\/v2\/location?post=1653"},{"taxonomy":"product_brand","embeddable":true,"href":"https:\/\/loxone.ctw.sk\/index.php\/wp-json\/wp\/v2\/product_brand?post=1653"},{"taxonomy":"product_cat","embeddable":true,"href":"https:\/\/loxone.ctw.sk\/index.php\/wp-json\/wp\/v2\/product_cat?post=1653"},{"taxonomy":"product_tag","embeddable":true,"href":"https:\/\/loxone.ctw.sk\/index.php\/wp-json\/wp\/v2\/product_tag?post=1653"}],"curies":[{"name":"wp","href":"https:\/\/api.w.org\/{rel}","templated":true}]}}