{"id":1657,"date":"2026-01-09T10:38:03","date_gmt":"2026-01-09T09:38:03","guid":{"rendered":"https:\/\/shop.dohlad.info\/index.php\/product\/ochranny-kryt-pre-vonkajsi-senzor-teploty-a-vlhkosti\/"},"modified":"2026-01-09T10:38:24","modified_gmt":"2026-01-09T09:38:24","slug":"ochranny-kryt-pre-vonkajsi-senzor-teploty-a-vlhkosti","status":"publish","type":"product","link":"https:\/\/loxone.ctw.sk\/index.php\/product\/ochranny-kryt-pre-vonkajsi-senzor-teploty-a-vlhkosti\/","title":{"rendered":"Ochrann\u00fd kryt pre vonkaj\u0161\u00ed senzor teploty a vlhkosti"},"content":{"rendered":"<p>N\u00e1hradn\u00fd ochrann\u00fd kryt pre vonkaj\u0161\u00ed senzor teploty a vlhkosti.<\/p>\n<\/p><\/p>\n","protected":false},"excerpt":{"rendered":"<p>N\u00e1hradn\u00fd ochrann\u00fd kryt pre vonkaj\u0161\u00ed senzor teploty a vlhkosti.<\/p>\n<\/p><\/p>\n","protected":false},"featured_media":1658,"template":"","meta":[],"location":[],"product_brand":[],"product_cat":[360],"product_tag":[],"class_list":{"0":"post-1657","1":"product","2":"type-product","3":"status-publish","4":"has-post-thumbnail","6":"product_cat-nahradne-diely","8":"first","9":"instock","10":"sold-individually","11":"taxable","12":"shipping-taxable","13":"purchasable","14":"product-type-simple"},"locations":[],"_links":{"self":[{"href":"https:\/\/loxone.ctw.sk\/index.php\/wp-json\/wp\/v2\/product\/1657","targetHints":{"allow":["GET"]}}],"collection":[{"href":"https:\/\/loxone.ctw.sk\/index.php\/wp-json\/wp\/v2\/product"}],"about":[{"href":"https:\/\/loxone.ctw.sk\/index.php\/wp-json\/wp\/v2\/types\/product"}],"wp:featuredmedia":[{"embeddable":true,"href":"https:\/\/loxone.ctw.sk\/index.php\/wp-json\/wp\/v2\/media\/1658"}],"wp:attachment":[{"href":"https:\/\/loxone.ctw.sk\/index.php\/wp-json\/wp\/v2\/media?parent=1657"}],"wp:term":[{"taxonomy":"location","embeddable":true,"href":"https:\/\/loxone.ctw.sk\/index.php\/wp-json\/wp\/v2\/location?post=1657"},{"taxonomy":"product_brand","embeddable":true,"href":"https:\/\/loxone.ctw.sk\/index.php\/wp-json\/wp\/v2\/product_brand?post=1657"},{"taxonomy":"product_cat","embeddable":true,"href":"https:\/\/loxone.ctw.sk\/index.php\/wp-json\/wp\/v2\/product_cat?post=1657"},{"taxonomy":"product_tag","embeddable":true,"href":"https:\/\/loxone.ctw.sk\/index.php\/wp-json\/wp\/v2\/product_tag?post=1657"}],"curies":[{"name":"wp","href":"https:\/\/api.w.org\/{rel}","templated":true}]}}