{"id":1666,"date":"2026-01-09T10:38:03","date_gmt":"2026-01-09T09:38:03","guid":{"rendered":"https:\/\/shop.dohlad.info\/index.php\/product\/zasuvna-svorka-cierna-4-polova\/"},"modified":"2026-01-09T10:38:29","modified_gmt":"2026-01-09T09:38:29","slug":"zasuvna-svorka-cierna-4-polova","status":"publish","type":"product","link":"https:\/\/loxone.ctw.sk\/index.php\/product\/zasuvna-svorka-cierna-4-polova\/","title":{"rendered":"Z\u00e1suvn\u00e1 svorka \u010dierna 4-p\u00f3lov\u00e1"},"content":{"rendered":"<p>N\u00e1hradn\u00e1 z\u00e1suvn\u00e1 svorka \u010dierna 4-p\u00f3lov\u00e1 pre AO Extension (1 ks).<\/p><\/p>\n","protected":false},"excerpt":{"rendered":"<p>N\u00e1hradn\u00e1 z\u00e1suvn\u00e1 svorka \u010dierna 4-p\u00f3lov\u00e1 pre AO Extension (1 ks).<\/p><\/p>\n","protected":false},"featured_media":1667,"template":"","meta":[],"location":[],"product_brand":[],"product_cat":[360],"product_tag":[],"class_list":{"0":"post-1666","1":"product","2":"type-product","3":"status-publish","4":"has-post-thumbnail","6":"product_cat-nahradne-diely","8":"first","9":"instock","10":"sold-individually","11":"taxable","12":"shipping-taxable","13":"purchasable","14":"product-type-simple"},"locations":[],"_links":{"self":[{"href":"https:\/\/loxone.ctw.sk\/index.php\/wp-json\/wp\/v2\/product\/1666","targetHints":{"allow":["GET"]}}],"collection":[{"href":"https:\/\/loxone.ctw.sk\/index.php\/wp-json\/wp\/v2\/product"}],"about":[{"href":"https:\/\/loxone.ctw.sk\/index.php\/wp-json\/wp\/v2\/types\/product"}],"wp:featuredmedia":[{"embeddable":true,"href":"https:\/\/loxone.ctw.sk\/index.php\/wp-json\/wp\/v2\/media\/1667"}],"wp:attachment":[{"href":"https:\/\/loxone.ctw.sk\/index.php\/wp-json\/wp\/v2\/media?parent=1666"}],"wp:term":[{"taxonomy":"location","embeddable":true,"href":"https:\/\/loxone.ctw.sk\/index.php\/wp-json\/wp\/v2\/location?post=1666"},{"taxonomy":"product_brand","embeddable":true,"href":"https:\/\/loxone.ctw.sk\/index.php\/wp-json\/wp\/v2\/product_brand?post=1666"},{"taxonomy":"product_cat","embeddable":true,"href":"https:\/\/loxone.ctw.sk\/index.php\/wp-json\/wp\/v2\/product_cat?post=1666"},{"taxonomy":"product_tag","embeddable":true,"href":"https:\/\/loxone.ctw.sk\/index.php\/wp-json\/wp\/v2\/product_tag?post=1666"}],"curies":[{"name":"wp","href":"https:\/\/api.w.org\/{rel}","templated":true}]}}