{"id":1672,"date":"2026-01-09T10:38:03","date_gmt":"2026-01-09T09:38:03","guid":{"rendered":"https:\/\/shop.dohlad.info\/index.php\/product\/opticke-svetelne-vlakno-touch-surface\/"},"modified":"2026-01-09T10:38:32","modified_gmt":"2026-01-09T09:38:32","slug":"opticke-svetelne-vlakno-touch-surface","status":"publish","type":"product","link":"https:\/\/loxone.ctw.sk\/index.php\/product\/opticke-svetelne-vlakno-touch-surface\/","title":{"rendered":"Optick\u00e9 sveteln\u00e9 vl\u00e1kno Touch Surface"},"content":{"rendered":"<p>N\u00e1hradn\u00e9 optick\u00e9 sveteln\u00e9 vl\u00e1kna pre Touch Surface Air &amp; Tree (6 ks).<\/p>\n","protected":false},"excerpt":{"rendered":"<p>N\u00e1hradn\u00e9 optick\u00e9 sveteln\u00e9 vl\u00e1kna pre Touch Surface Air &amp; Tree (6 ks).<\/p>\n","protected":false},"featured_media":1673,"template":"","meta":[],"location":[],"product_brand":[],"product_cat":[360],"product_tag":[],"class_list":{"0":"post-1672","1":"product","2":"type-product","3":"status-publish","4":"has-post-thumbnail","6":"product_cat-nahradne-diely","8":"first","9":"instock","10":"sold-individually","11":"taxable","12":"shipping-taxable","13":"purchasable","14":"product-type-simple"},"locations":[],"_links":{"self":[{"href":"https:\/\/loxone.ctw.sk\/index.php\/wp-json\/wp\/v2\/product\/1672","targetHints":{"allow":["GET"]}}],"collection":[{"href":"https:\/\/loxone.ctw.sk\/index.php\/wp-json\/wp\/v2\/product"}],"about":[{"href":"https:\/\/loxone.ctw.sk\/index.php\/wp-json\/wp\/v2\/types\/product"}],"wp:featuredmedia":[{"embeddable":true,"href":"https:\/\/loxone.ctw.sk\/index.php\/wp-json\/wp\/v2\/media\/1673"}],"wp:attachment":[{"href":"https:\/\/loxone.ctw.sk\/index.php\/wp-json\/wp\/v2\/media?parent=1672"}],"wp:term":[{"taxonomy":"location","embeddable":true,"href":"https:\/\/loxone.ctw.sk\/index.php\/wp-json\/wp\/v2\/location?post=1672"},{"taxonomy":"product_brand","embeddable":true,"href":"https:\/\/loxone.ctw.sk\/index.php\/wp-json\/wp\/v2\/product_brand?post=1672"},{"taxonomy":"product_cat","embeddable":true,"href":"https:\/\/loxone.ctw.sk\/index.php\/wp-json\/wp\/v2\/product_cat?post=1672"},{"taxonomy":"product_tag","embeddable":true,"href":"https:\/\/loxone.ctw.sk\/index.php\/wp-json\/wp\/v2\/product_tag?post=1672"}],"curies":[{"name":"wp","href":"https:\/\/api.w.org\/{rel}","templated":true}]}}