{"id":1674,"date":"2026-01-09T10:38:03","date_gmt":"2026-01-09T09:38:03","guid":{"rendered":"https:\/\/shop.dohlad.info\/index.php\/product\/drziak-motora-solidline\/"},"modified":"2026-01-09T10:38:34","modified_gmt":"2026-01-09T09:38:34","slug":"drziak-motora-solidline","status":"publish","type":"product","link":"https:\/\/loxone.ctw.sk\/index.php\/product\/drziak-motora-solidline\/","title":{"rendered":"Dr\u017eiak motora SOLIDline"},"content":{"rendered":"<p class=\"pimcore_editable_wysiwyg\" style=\"box-sizing: border-box; cursor: default; pointer-events: auto !important;\"><span style=\"color: rgb(64, 64, 64); background-color: rgb(255, 255, 255);\">N\u00e1hradn\u00fd dr\u017eiak motora pre r\u00farkov\u00fd motor SOLIDline.<\/span><\/p><\/p>\n","protected":false},"excerpt":{"rendered":"<p class=\"pimcore_editable_wysiwyg\" style=\"box-sizing: border-box; cursor: default; pointer-events: auto !important;\"><span style=\"color: rgb(64, 64, 64); background-color: rgb(255, 255, 255);\">N\u00e1hradn\u00fd dr\u017eiak motora pre r\u00farkov\u00fd motor SOLIDline.<\/span><\/p><\/p>\n","protected":false},"featured_media":1675,"template":"","meta":[],"location":[],"product_brand":[],"product_cat":[360],"product_tag":[],"class_list":{"0":"post-1674","1":"product","2":"type-product","3":"status-publish","4":"has-post-thumbnail","6":"product_cat-nahradne-diely","8":"first","9":"instock","10":"sold-individually","11":"taxable","12":"shipping-taxable","13":"purchasable","14":"product-type-simple"},"locations":[],"_links":{"self":[{"href":"https:\/\/loxone.ctw.sk\/index.php\/wp-json\/wp\/v2\/product\/1674","targetHints":{"allow":["GET"]}}],"collection":[{"href":"https:\/\/loxone.ctw.sk\/index.php\/wp-json\/wp\/v2\/product"}],"about":[{"href":"https:\/\/loxone.ctw.sk\/index.php\/wp-json\/wp\/v2\/types\/product"}],"wp:featuredmedia":[{"embeddable":true,"href":"https:\/\/loxone.ctw.sk\/index.php\/wp-json\/wp\/v2\/media\/1675"}],"wp:attachment":[{"href":"https:\/\/loxone.ctw.sk\/index.php\/wp-json\/wp\/v2\/media?parent=1674"}],"wp:term":[{"taxonomy":"location","embeddable":true,"href":"https:\/\/loxone.ctw.sk\/index.php\/wp-json\/wp\/v2\/location?post=1674"},{"taxonomy":"product_brand","embeddable":true,"href":"https:\/\/loxone.ctw.sk\/index.php\/wp-json\/wp\/v2\/product_brand?post=1674"},{"taxonomy":"product_cat","embeddable":true,"href":"https:\/\/loxone.ctw.sk\/index.php\/wp-json\/wp\/v2\/product_cat?post=1674"},{"taxonomy":"product_tag","embeddable":true,"href":"https:\/\/loxone.ctw.sk\/index.php\/wp-json\/wp\/v2\/product_tag?post=1674"}],"curies":[{"name":"wp","href":"https:\/\/api.w.org\/{rel}","templated":true}]}}