{"id":1677,"date":"2026-01-09T10:38:37","date_gmt":"2026-01-09T09:38:37","guid":{"rendered":"https:\/\/shop.dohlad.info\/index.php\/product\/pripajaci-kabel-solidline\/"},"modified":"2026-01-09T10:38:38","modified_gmt":"2026-01-09T09:38:38","slug":"pripajaci-kabel-solidline","status":"publish","type":"product","link":"https:\/\/loxone.ctw.sk\/index.php\/product\/pripajaci-kabel-solidline\/","title":{"rendered":"Prip\u00e1jac\u00ed k\u00e1bel SOLIDline"},"content":{"rendered":"<p>N\u00e1hradn\u00fd prip\u00e1jac\u00ed k\u00e1bel pre r\u00farkov\u00fd motor SOLIDline Air.<\/p><\/p>\n","protected":false},"excerpt":{"rendered":"<p>N\u00e1hradn\u00fd prip\u00e1jac\u00ed k\u00e1bel pre r\u00farkov\u00fd motor SOLIDline Air.<\/p><\/p>\n","protected":false},"featured_media":1678,"template":"","meta":[],"location":[],"product_brand":[],"product_cat":[360],"product_tag":[],"class_list":{"0":"post-1677","1":"product","2":"type-product","3":"status-publish","4":"has-post-thumbnail","6":"product_cat-nahradne-diely","8":"first","9":"instock","10":"sold-individually","11":"taxable","12":"shipping-taxable","13":"purchasable","14":"product-type-simple"},"locations":[],"_links":{"self":[{"href":"https:\/\/loxone.ctw.sk\/index.php\/wp-json\/wp\/v2\/product\/1677","targetHints":{"allow":["GET"]}}],"collection":[{"href":"https:\/\/loxone.ctw.sk\/index.php\/wp-json\/wp\/v2\/product"}],"about":[{"href":"https:\/\/loxone.ctw.sk\/index.php\/wp-json\/wp\/v2\/types\/product"}],"wp:featuredmedia":[{"embeddable":true,"href":"https:\/\/loxone.ctw.sk\/index.php\/wp-json\/wp\/v2\/media\/1678"}],"wp:attachment":[{"href":"https:\/\/loxone.ctw.sk\/index.php\/wp-json\/wp\/v2\/media?parent=1677"}],"wp:term":[{"taxonomy":"location","embeddable":true,"href":"https:\/\/loxone.ctw.sk\/index.php\/wp-json\/wp\/v2\/location?post=1677"},{"taxonomy":"product_brand","embeddable":true,"href":"https:\/\/loxone.ctw.sk\/index.php\/wp-json\/wp\/v2\/product_brand?post=1677"},{"taxonomy":"product_cat","embeddable":true,"href":"https:\/\/loxone.ctw.sk\/index.php\/wp-json\/wp\/v2\/product_cat?post=1677"},{"taxonomy":"product_tag","embeddable":true,"href":"https:\/\/loxone.ctw.sk\/index.php\/wp-json\/wp\/v2\/product_tag?post=1677"}],"curies":[{"name":"wp","href":"https:\/\/api.w.org\/{rel}","templated":true}]}}