{"id":1689,"date":"2026-01-09T10:38:37","date_gmt":"2026-01-09T09:38:37","guid":{"rendered":"https:\/\/shop.dohlad.info\/index.php\/product\/zimna-ciapka\/"},"modified":"2026-01-09T10:38:44","modified_gmt":"2026-01-09T09:38:44","slug":"zimna-ciapka","status":"publish","type":"product","link":"https:\/\/loxone.ctw.sk\/index.php\/product\/zimna-ciapka\/","title":{"rendered":"Zimn\u00e1 \u010diapka"},"content":{"rendered":"<p>Kvalitn\u00e1 zimn\u00e1 \u010diapka s fleecovou pod\u0161\u00edvkou je ide\u00e1lnym spolo\u010dn\u00edkom do pr\u00e1ce aj na vo\u013en\u00fd \u010das. Vonkaj\u0161\u00ed materi\u00e1l je vyroben\u00fd z 95% z bavlny a 5% z elastanu, preto sa \u010diapka dokonale prisp\u00f4sob\u00ed ka\u017ed\u00e9mu tvaru hlavy. Vn\u00fatorn\u00e1 strana \u010diapky m\u00e1 m\u00e4kk\u00fa a hrejiv\u00fa fleecov\u00fa pod\u0161\u00edvku.<\/p>\n","protected":false},"excerpt":{"rendered":"<p>Kvalitn\u00e1 zimn\u00e1 \u010diapka s fleecovou pod\u0161\u00edvkou je ide\u00e1lnym spolo\u010dn\u00edkom do pr\u00e1ce aj na vo\u013en\u00fd \u010das. Vonkaj\u0161\u00ed materi\u00e1l je vyroben\u00fd z 95% z bavlny a 5% z elastanu, preto sa \u010diapka dokonale prisp\u00f4sob\u00ed ka\u017ed\u00e9mu tvaru hlavy. Vn\u00fatorn\u00e1 strana \u010diapky m\u00e1 m\u00e4kk\u00fa a hrejiv\u00fa fleecov\u00fa pod\u0161\u00edvku.<\/p>\n","protected":false},"featured_media":1690,"template":"","meta":[],"location":[],"product_brand":[],"product_cat":[369],"product_tag":[],"class_list":{"0":"post-1689","1":"product","2":"type-product","3":"status-publish","4":"has-post-thumbnail","6":"product_cat-other","8":"first","9":"instock","10":"sold-individually","11":"taxable","12":"shipping-taxable","13":"purchasable","14":"product-type-simple"},"locations":[],"_links":{"self":[{"href":"https:\/\/loxone.ctw.sk\/index.php\/wp-json\/wp\/v2\/product\/1689","targetHints":{"allow":["GET"]}}],"collection":[{"href":"https:\/\/loxone.ctw.sk\/index.php\/wp-json\/wp\/v2\/product"}],"about":[{"href":"https:\/\/loxone.ctw.sk\/index.php\/wp-json\/wp\/v2\/types\/product"}],"wp:featuredmedia":[{"embeddable":true,"href":"https:\/\/loxone.ctw.sk\/index.php\/wp-json\/wp\/v2\/media\/1690"}],"wp:attachment":[{"href":"https:\/\/loxone.ctw.sk\/index.php\/wp-json\/wp\/v2\/media?parent=1689"}],"wp:term":[{"taxonomy":"location","embeddable":true,"href":"https:\/\/loxone.ctw.sk\/index.php\/wp-json\/wp\/v2\/location?post=1689"},{"taxonomy":"product_brand","embeddable":true,"href":"https:\/\/loxone.ctw.sk\/index.php\/wp-json\/wp\/v2\/product_brand?post=1689"},{"taxonomy":"product_cat","embeddable":true,"href":"https:\/\/loxone.ctw.sk\/index.php\/wp-json\/wp\/v2\/product_cat?post=1689"},{"taxonomy":"product_tag","embeddable":true,"href":"https:\/\/loxone.ctw.sk\/index.php\/wp-json\/wp\/v2\/product_tag?post=1689"}],"curies":[{"name":"wp","href":"https:\/\/api.w.org\/{rel}","templated":true}]}}