{"id":1697,"date":"2026-01-09T10:38:37","date_gmt":"2026-01-09T09:38:37","guid":{"rendered":"https:\/\/shop.dohlad.info\/index.php\/product\/satka\/"},"modified":"2026-01-09T10:38:49","modified_gmt":"2026-01-09T09:38:49","slug":"satka","status":"publish","type":"product","link":"https:\/\/loxone.ctw.sk\/index.php\/product\/satka\/","title":{"rendered":"\u0160atka"},"content":{"rendered":"<p>\u0160atka v \u0161t\u00fdlovom dizajne Loxone chr\u00e1ni pred slnkom, vetrom a chladom a d\u00e1 sa nosi\u0165 r\u00f4znymi sp\u00f4sobmi: ako n\u00e1kr\u010dn\u00edk, \u010delenku, \u010diapku, \u0161atku alebo aj ako kuklu. \u0160atku je mo\u017en\u00e9 tie\u017e da\u0165 z\u00e1kazn\u00edkom ako dar\u010dek!<\/p>\n","protected":false},"excerpt":{"rendered":"<p>\u0160atka v \u0161t\u00fdlovom dizajne Loxone chr\u00e1ni pred slnkom, vetrom a chladom a d\u00e1 sa nosi\u0165 r\u00f4znymi sp\u00f4sobmi: ako n\u00e1kr\u010dn\u00edk, \u010delenku, \u010diapku, \u0161atku alebo aj ako kuklu. \u0160atku je mo\u017en\u00e9 tie\u017e da\u0165 z\u00e1kazn\u00edkom ako dar\u010dek!<\/p>\n","protected":false},"featured_media":1698,"template":"","meta":[],"location":[],"product_brand":[],"product_cat":[369],"product_tag":[],"class_list":{"0":"post-1697","1":"product","2":"type-product","3":"status-publish","4":"has-post-thumbnail","6":"product_cat-other","8":"first","9":"instock","10":"sold-individually","11":"taxable","12":"shipping-taxable","13":"purchasable","14":"product-type-simple"},"locations":[],"_links":{"self":[{"href":"https:\/\/loxone.ctw.sk\/index.php\/wp-json\/wp\/v2\/product\/1697","targetHints":{"allow":["GET"]}}],"collection":[{"href":"https:\/\/loxone.ctw.sk\/index.php\/wp-json\/wp\/v2\/product"}],"about":[{"href":"https:\/\/loxone.ctw.sk\/index.php\/wp-json\/wp\/v2\/types\/product"}],"wp:featuredmedia":[{"embeddable":true,"href":"https:\/\/loxone.ctw.sk\/index.php\/wp-json\/wp\/v2\/media\/1698"}],"wp:attachment":[{"href":"https:\/\/loxone.ctw.sk\/index.php\/wp-json\/wp\/v2\/media?parent=1697"}],"wp:term":[{"taxonomy":"location","embeddable":true,"href":"https:\/\/loxone.ctw.sk\/index.php\/wp-json\/wp\/v2\/location?post=1697"},{"taxonomy":"product_brand","embeddable":true,"href":"https:\/\/loxone.ctw.sk\/index.php\/wp-json\/wp\/v2\/product_brand?post=1697"},{"taxonomy":"product_cat","embeddable":true,"href":"https:\/\/loxone.ctw.sk\/index.php\/wp-json\/wp\/v2\/product_cat?post=1697"},{"taxonomy":"product_tag","embeddable":true,"href":"https:\/\/loxone.ctw.sk\/index.php\/wp-json\/wp\/v2\/product_tag?post=1697"}],"curies":[{"name":"wp","href":"https:\/\/api.w.org\/{rel}","templated":true}]}}