{"id":1727,"date":"2026-01-09T10:38:37","date_gmt":"2026-01-09T09:38:37","guid":{"rendered":"https:\/\/shop.dohlad.info\/index.php\/product\/sada-svoriek-pre-interkom-zeleno-biela-oranzovo-biela\/"},"modified":"2026-01-09T10:39:04","modified_gmt":"2026-01-09T09:39:04","slug":"sada-svoriek-pre-interkom-zeleno-biela-oranzovo-biela","status":"publish","type":"product","link":"https:\/\/loxone.ctw.sk\/index.php\/product\/sada-svoriek-pre-interkom-zeleno-biela-oranzovo-biela\/","title":{"rendered":"Sada svoriek pre Interkom zeleno-biela \/ oran\u017eovo-biela"},"content":{"rendered":"<p>N\u00e1hradn\u00e1 sada svoriek zeleno-biela \/ oran\u017eovo-biela pre Intercom.<\/p><\/p>\n","protected":false},"excerpt":{"rendered":"<p>N\u00e1hradn\u00e1 sada svoriek zeleno-biela \/ oran\u017eovo-biela pre Intercom.<\/p><\/p>\n","protected":false},"featured_media":1728,"template":"","meta":[],"location":[],"product_brand":[],"product_cat":[360],"product_tag":[],"class_list":{"0":"post-1727","1":"product","2":"type-product","3":"status-publish","4":"has-post-thumbnail","6":"product_cat-nahradne-diely","8":"first","9":"instock","10":"sold-individually","11":"taxable","12":"shipping-taxable","13":"purchasable","14":"product-type-simple"},"locations":[],"_links":{"self":[{"href":"https:\/\/loxone.ctw.sk\/index.php\/wp-json\/wp\/v2\/product\/1727","targetHints":{"allow":["GET"]}}],"collection":[{"href":"https:\/\/loxone.ctw.sk\/index.php\/wp-json\/wp\/v2\/product"}],"about":[{"href":"https:\/\/loxone.ctw.sk\/index.php\/wp-json\/wp\/v2\/types\/product"}],"wp:featuredmedia":[{"embeddable":true,"href":"https:\/\/loxone.ctw.sk\/index.php\/wp-json\/wp\/v2\/media\/1728"}],"wp:attachment":[{"href":"https:\/\/loxone.ctw.sk\/index.php\/wp-json\/wp\/v2\/media?parent=1727"}],"wp:term":[{"taxonomy":"location","embeddable":true,"href":"https:\/\/loxone.ctw.sk\/index.php\/wp-json\/wp\/v2\/location?post=1727"},{"taxonomy":"product_brand","embeddable":true,"href":"https:\/\/loxone.ctw.sk\/index.php\/wp-json\/wp\/v2\/product_brand?post=1727"},{"taxonomy":"product_cat","embeddable":true,"href":"https:\/\/loxone.ctw.sk\/index.php\/wp-json\/wp\/v2\/product_cat?post=1727"},{"taxonomy":"product_tag","embeddable":true,"href":"https:\/\/loxone.ctw.sk\/index.php\/wp-json\/wp\/v2\/product_tag?post=1727"}],"curies":[{"name":"wp","href":"https:\/\/api.w.org\/{rel}","templated":true}]}}