{"id":1735,"date":"2026-01-09T10:38:37","date_gmt":"2026-01-09T09:38:37","guid":{"rendered":"https:\/\/shop.dohlad.info\/index.php\/product\/slnecne-okuliare\/"},"modified":"2026-02-08T14:36:36","modified_gmt":"2026-02-08T13:36:36","slug":"slnecne-okuliare","status":"publish","type":"product","link":"https:\/\/loxone.ctw.sk\/index.php\/product\/slnecne-okuliare\/","title":{"rendered":"Slne\u010dn\u00e9 okuliare"},"content":{"rendered":"<p>So \u0161t\u00fdlov\u00fdmi slne\u010dn\u00fdmi okuliarmi v\u00e1s ako fan\u00fa\u0161ika Loxone slnie\u010dko neosln\u00ed!<\/p>\n<ul>\n<li>\u010cierne slne\u010dn\u00e9 okuliare.<\/li>\n<li>Loxone logo na oboch stran\u00e1ch.<\/li>\n<li>\u0160t\u00fdlov\u00e9 a ide\u00e1lne pre slne\u010dn\u00e9 letn\u00e9 dni.<\/li>\n<\/ul>\n","protected":false},"excerpt":{"rendered":"<p>So \u0161t\u00fdlov\u00fdmi slne\u010dn\u00fdmi okuliarmi v\u00e1s ako fan\u00fa\u0161ika Loxone slnie\u010dko neosln\u00ed!<\/p>\n","protected":false},"featured_media":1736,"template":"","meta":[],"location":[],"product_brand":[],"product_cat":[369],"product_tag":[],"class_list":{"0":"post-1735","1":"product","2":"type-product","3":"status-publish","4":"has-post-thumbnail","6":"product_cat-other","8":"first","9":"instock","10":"sold-individually","11":"taxable","12":"shipping-taxable","13":"purchasable","14":"product-type-simple"},"locations":[],"_links":{"self":[{"href":"https:\/\/loxone.ctw.sk\/index.php\/wp-json\/wp\/v2\/product\/1735","targetHints":{"allow":["GET"]}}],"collection":[{"href":"https:\/\/loxone.ctw.sk\/index.php\/wp-json\/wp\/v2\/product"}],"about":[{"href":"https:\/\/loxone.ctw.sk\/index.php\/wp-json\/wp\/v2\/types\/product"}],"wp:featuredmedia":[{"embeddable":true,"href":"https:\/\/loxone.ctw.sk\/index.php\/wp-json\/wp\/v2\/media\/1736"}],"wp:attachment":[{"href":"https:\/\/loxone.ctw.sk\/index.php\/wp-json\/wp\/v2\/media?parent=1735"}],"wp:term":[{"taxonomy":"location","embeddable":true,"href":"https:\/\/loxone.ctw.sk\/index.php\/wp-json\/wp\/v2\/location?post=1735"},{"taxonomy":"product_brand","embeddable":true,"href":"https:\/\/loxone.ctw.sk\/index.php\/wp-json\/wp\/v2\/product_brand?post=1735"},{"taxonomy":"product_cat","embeddable":true,"href":"https:\/\/loxone.ctw.sk\/index.php\/wp-json\/wp\/v2\/product_cat?post=1735"},{"taxonomy":"product_tag","embeddable":true,"href":"https:\/\/loxone.ctw.sk\/index.php\/wp-json\/wp\/v2\/product_tag?post=1735"}],"curies":[{"name":"wp","href":"https:\/\/api.w.org\/{rel}","templated":true}]}}