{"id":1740,"date":"2026-01-09T10:39:10","date_gmt":"2026-01-09T09:39:10","guid":{"rendered":"https:\/\/shop.dohlad.info\/index.php\/product\/2-polova-zasuvna-svorka-oranzova\/"},"modified":"2026-01-09T10:39:11","modified_gmt":"2026-01-09T09:39:11","slug":"2-polova-zasuvna-svorka-oranzova","status":"publish","type":"product","link":"https:\/\/loxone.ctw.sk\/index.php\/product\/2-polova-zasuvna-svorka-oranzova\/","title":{"rendered":"2-p\u00f3lov\u00e1 z\u00e1suvn\u00e1 svorka oran\u017eov\u00e1"},"content":{"rendered":"<p>N\u00e1hradn\u00e1 2p\u00f3lov\u00e1 oran\u017eov\u00e1 svorka pre Power Supply &amp; Backup (1 kus). Skrutkovacia, z\u00e1suvn\u00e1.<\/p>\n","protected":false},"excerpt":{"rendered":"<p>N\u00e1hradn\u00e1 2p\u00f3lov\u00e1 oran\u017eov\u00e1 svorka pre Power Supply &amp; Backup (1 kus). Skrutkovacia, z\u00e1suvn\u00e1.<\/p>\n","protected":false},"featured_media":1741,"template":"","meta":[],"location":[],"product_brand":[],"product_cat":[360],"product_tag":[],"class_list":{"0":"post-1740","1":"product","2":"type-product","3":"status-publish","4":"has-post-thumbnail","6":"product_cat-nahradne-diely","8":"first","9":"instock","10":"sold-individually","11":"taxable","12":"shipping-taxable","13":"purchasable","14":"product-type-simple"},"locations":[],"_links":{"self":[{"href":"https:\/\/loxone.ctw.sk\/index.php\/wp-json\/wp\/v2\/product\/1740","targetHints":{"allow":["GET"]}}],"collection":[{"href":"https:\/\/loxone.ctw.sk\/index.php\/wp-json\/wp\/v2\/product"}],"about":[{"href":"https:\/\/loxone.ctw.sk\/index.php\/wp-json\/wp\/v2\/types\/product"}],"wp:featuredmedia":[{"embeddable":true,"href":"https:\/\/loxone.ctw.sk\/index.php\/wp-json\/wp\/v2\/media\/1741"}],"wp:attachment":[{"href":"https:\/\/loxone.ctw.sk\/index.php\/wp-json\/wp\/v2\/media?parent=1740"}],"wp:term":[{"taxonomy":"location","embeddable":true,"href":"https:\/\/loxone.ctw.sk\/index.php\/wp-json\/wp\/v2\/location?post=1740"},{"taxonomy":"product_brand","embeddable":true,"href":"https:\/\/loxone.ctw.sk\/index.php\/wp-json\/wp\/v2\/product_brand?post=1740"},{"taxonomy":"product_cat","embeddable":true,"href":"https:\/\/loxone.ctw.sk\/index.php\/wp-json\/wp\/v2\/product_cat?post=1740"},{"taxonomy":"product_tag","embeddable":true,"href":"https:\/\/loxone.ctw.sk\/index.php\/wp-json\/wp\/v2\/product_tag?post=1740"}],"curies":[{"name":"wp","href":"https:\/\/api.w.org\/{rel}","templated":true}]}}