{"id":1757,"date":"2026-01-09T10:39:10","date_gmt":"2026-01-09T09:39:10","guid":{"rendered":"https:\/\/shop.dohlad.info\/index.php\/product\/pripajaci-kabel-hormann-air\/"},"modified":"2026-01-09T10:39:21","modified_gmt":"2026-01-09T09:39:21","slug":"pripajaci-kabel-hormann-air","status":"publish","type":"product","link":"https:\/\/loxone.ctw.sk\/index.php\/product\/pripajaci-kabel-hormann-air\/","title":{"rendered":"Prip\u00e1jac\u00ed k\u00e1bel H\u00f6rmann Air"},"content":{"rendered":"<p>N\u00e1hradn\u00fd prip\u00e1jac\u00ed k\u00e1bel pre H\u00f6rmann Air.<\/p><\/p>\n","protected":false},"excerpt":{"rendered":"<p>N\u00e1hradn\u00fd prip\u00e1jac\u00ed k\u00e1bel pre H\u00f6rmann Air.<\/p><\/p>\n","protected":false},"featured_media":1758,"template":"","meta":[],"location":[],"product_brand":[],"product_cat":[360],"product_tag":[],"class_list":{"0":"post-1757","1":"product","2":"type-product","3":"status-publish","4":"has-post-thumbnail","6":"product_cat-nahradne-diely","8":"first","9":"instock","10":"sold-individually","11":"taxable","12":"shipping-taxable","13":"purchasable","14":"product-type-simple"},"locations":[],"_links":{"self":[{"href":"https:\/\/loxone.ctw.sk\/index.php\/wp-json\/wp\/v2\/product\/1757","targetHints":{"allow":["GET"]}}],"collection":[{"href":"https:\/\/loxone.ctw.sk\/index.php\/wp-json\/wp\/v2\/product"}],"about":[{"href":"https:\/\/loxone.ctw.sk\/index.php\/wp-json\/wp\/v2\/types\/product"}],"wp:featuredmedia":[{"embeddable":true,"href":"https:\/\/loxone.ctw.sk\/index.php\/wp-json\/wp\/v2\/media\/1758"}],"wp:attachment":[{"href":"https:\/\/loxone.ctw.sk\/index.php\/wp-json\/wp\/v2\/media?parent=1757"}],"wp:term":[{"taxonomy":"location","embeddable":true,"href":"https:\/\/loxone.ctw.sk\/index.php\/wp-json\/wp\/v2\/location?post=1757"},{"taxonomy":"product_brand","embeddable":true,"href":"https:\/\/loxone.ctw.sk\/index.php\/wp-json\/wp\/v2\/product_brand?post=1757"},{"taxonomy":"product_cat","embeddable":true,"href":"https:\/\/loxone.ctw.sk\/index.php\/wp-json\/wp\/v2\/product_cat?post=1757"},{"taxonomy":"product_tag","embeddable":true,"href":"https:\/\/loxone.ctw.sk\/index.php\/wp-json\/wp\/v2\/product_tag?post=1757"}],"curies":[{"name":"wp","href":"https:\/\/api.w.org\/{rel}","templated":true}]}}