{"id":1777,"date":"2026-01-09T10:39:10","date_gmt":"2026-01-09T09:39:10","guid":{"rendered":"https:\/\/shop.dohlad.info\/index.php\/product\/nahradny-remienok-na-wrist-button-air\/"},"modified":"2026-01-28T12:58:40","modified_gmt":"2026-01-28T11:58:40","slug":"nahradny-remienok-na-wrist-button-air","status":"publish","type":"product","link":"https:\/\/loxone.ctw.sk\/index.php\/product\/nahradny-remienok-na-wrist-button-air\/","title":{"rendered":"N\u00e1hradn\u00fd remienok na Wrist Button Air"},"content":{"rendered":"<p>N\u00e1hradn\u00fd remienok pre Wrist Button Air.<\/p><\/p>\n","protected":false},"excerpt":{"rendered":"<p>N\u00e1hradn\u00fd remienok pre Wrist Button Air.<\/p><\/p>\n","protected":false},"featured_media":1778,"template":"","meta":[],"location":[405],"product_brand":[],"product_cat":[360],"product_tag":[],"class_list":{"0":"post-1777","1":"product","2":"type-product","3":"status-publish","4":"has-post-thumbnail","6":"location-sklad-at","7":"product_cat-nahradne-diely","9":"first","10":"instock","11":"sold-individually","12":"taxable","13":"shipping-taxable","14":"purchasable","15":"product-type-simple"},"locations":[{"id":405,"name":"Kollerschlag (AT)","slug":"sklad-at","quantity":""}],"_links":{"self":[{"href":"https:\/\/loxone.ctw.sk\/index.php\/wp-json\/wp\/v2\/product\/1777","targetHints":{"allow":["GET"]}}],"collection":[{"href":"https:\/\/loxone.ctw.sk\/index.php\/wp-json\/wp\/v2\/product"}],"about":[{"href":"https:\/\/loxone.ctw.sk\/index.php\/wp-json\/wp\/v2\/types\/product"}],"wp:featuredmedia":[{"embeddable":true,"href":"https:\/\/loxone.ctw.sk\/index.php\/wp-json\/wp\/v2\/media\/1778"}],"wp:attachment":[{"href":"https:\/\/loxone.ctw.sk\/index.php\/wp-json\/wp\/v2\/media?parent=1777"}],"wp:term":[{"taxonomy":"location","embeddable":true,"href":"https:\/\/loxone.ctw.sk\/index.php\/wp-json\/wp\/v2\/location?post=1777"},{"taxonomy":"product_brand","embeddable":true,"href":"https:\/\/loxone.ctw.sk\/index.php\/wp-json\/wp\/v2\/product_brand?post=1777"},{"taxonomy":"product_cat","embeddable":true,"href":"https:\/\/loxone.ctw.sk\/index.php\/wp-json\/wp\/v2\/product_cat?post=1777"},{"taxonomy":"product_tag","embeddable":true,"href":"https:\/\/loxone.ctw.sk\/index.php\/wp-json\/wp\/v2\/product_tag?post=1777"}],"curies":[{"name":"wp","href":"https:\/\/api.w.org\/{rel}","templated":true}]}}