{"id":1791,"date":"2026-01-09T10:39:44","date_gmt":"2026-01-09T09:39:44","guid":{"rendered":"https:\/\/shop.dohlad.info\/index.php\/product\/nfc-tag-so-symbolom-kluca\/"},"modified":"2026-01-28T12:58:38","modified_gmt":"2026-01-28T11:58:38","slug":"nfc-tag-so-symbolom-kluca","status":"publish","type":"product","link":"https:\/\/loxone.ctw.sk\/index.php\/product\/nfc-tag-so-symbolom-kluca\/","title":{"rendered":"NFC Tag so symbolom k\u013e\u00fa\u010da"},"content":{"rendered":"<p>N\u00e1hradn\u00fd NFC Tag so symbolom k\u013e\u00fa\u010da.<\/p>\n","protected":false},"excerpt":{"rendered":"<p>N\u00e1hradn\u00fd NFC Tag so symbolom k\u013e\u00fa\u010da.<\/p>\n","protected":false},"featured_media":1792,"template":"","meta":[],"location":[405],"product_brand":[],"product_cat":[360],"product_tag":[],"class_list":{"0":"post-1791","1":"product","2":"type-product","3":"status-publish","4":"has-post-thumbnail","6":"location-sklad-at","7":"product_cat-nahradne-diely","9":"first","10":"instock","11":"sold-individually","12":"taxable","13":"shipping-taxable","14":"purchasable","15":"product-type-simple"},"locations":[{"id":405,"name":"Kollerschlag (AT)","slug":"sklad-at","quantity":""}],"_links":{"self":[{"href":"https:\/\/loxone.ctw.sk\/index.php\/wp-json\/wp\/v2\/product\/1791","targetHints":{"allow":["GET"]}}],"collection":[{"href":"https:\/\/loxone.ctw.sk\/index.php\/wp-json\/wp\/v2\/product"}],"about":[{"href":"https:\/\/loxone.ctw.sk\/index.php\/wp-json\/wp\/v2\/types\/product"}],"wp:featuredmedia":[{"embeddable":true,"href":"https:\/\/loxone.ctw.sk\/index.php\/wp-json\/wp\/v2\/media\/1792"}],"wp:attachment":[{"href":"https:\/\/loxone.ctw.sk\/index.php\/wp-json\/wp\/v2\/media?parent=1791"}],"wp:term":[{"taxonomy":"location","embeddable":true,"href":"https:\/\/loxone.ctw.sk\/index.php\/wp-json\/wp\/v2\/location?post=1791"},{"taxonomy":"product_brand","embeddable":true,"href":"https:\/\/loxone.ctw.sk\/index.php\/wp-json\/wp\/v2\/product_brand?post=1791"},{"taxonomy":"product_cat","embeddable":true,"href":"https:\/\/loxone.ctw.sk\/index.php\/wp-json\/wp\/v2\/product_cat?post=1791"},{"taxonomy":"product_tag","embeddable":true,"href":"https:\/\/loxone.ctw.sk\/index.php\/wp-json\/wp\/v2\/product_tag?post=1791"}],"curies":[{"name":"wp","href":"https:\/\/api.w.org\/{rel}","templated":true}]}}