{"id":1802,"date":"2026-01-09T10:39:44","date_gmt":"2026-01-09T09:39:44","guid":{"rendered":"https:\/\/shop.dohlad.info\/index.php\/product\/nahradny-kryt-pre-satellite-speaker-cierna\/"},"modified":"2026-01-28T12:58:36","modified_gmt":"2026-01-28T11:58:36","slug":"nahradny-kryt-pre-satellite-speaker-cierna","status":"publish","type":"product","link":"https:\/\/loxone.ctw.sk\/index.php\/product\/nahradny-kryt-pre-satellite-speaker-cierna\/","title":{"rendered":"N\u00e1hradn\u00fd kryt pre Satellite Speaker \u010cierna"},"content":{"rendered":"<p>N\u00e1hradn\u00fd kryt pre Satellite Speaker v \u010diernej farbe.<\/p><\/p>\n","protected":false},"excerpt":{"rendered":"<p>N\u00e1hradn\u00fd kryt pre Satellite Speaker v \u010diernej farbe.<\/p><\/p>\n","protected":false},"featured_media":1803,"template":"","meta":[],"location":[405],"product_brand":[],"product_cat":[360],"product_tag":[],"class_list":{"0":"post-1802","1":"product","2":"type-product","3":"status-publish","4":"has-post-thumbnail","6":"location-sklad-at","7":"product_cat-nahradne-diely","9":"first","10":"instock","11":"sold-individually","12":"taxable","13":"shipping-taxable","14":"purchasable","15":"product-type-simple"},"locations":[{"id":405,"name":"Kollerschlag (AT)","slug":"sklad-at","quantity":""}],"_links":{"self":[{"href":"https:\/\/loxone.ctw.sk\/index.php\/wp-json\/wp\/v2\/product\/1802","targetHints":{"allow":["GET"]}}],"collection":[{"href":"https:\/\/loxone.ctw.sk\/index.php\/wp-json\/wp\/v2\/product"}],"about":[{"href":"https:\/\/loxone.ctw.sk\/index.php\/wp-json\/wp\/v2\/types\/product"}],"wp:featuredmedia":[{"embeddable":true,"href":"https:\/\/loxone.ctw.sk\/index.php\/wp-json\/wp\/v2\/media\/1803"}],"wp:attachment":[{"href":"https:\/\/loxone.ctw.sk\/index.php\/wp-json\/wp\/v2\/media?parent=1802"}],"wp:term":[{"taxonomy":"location","embeddable":true,"href":"https:\/\/loxone.ctw.sk\/index.php\/wp-json\/wp\/v2\/location?post=1802"},{"taxonomy":"product_brand","embeddable":true,"href":"https:\/\/loxone.ctw.sk\/index.php\/wp-json\/wp\/v2\/product_brand?post=1802"},{"taxonomy":"product_cat","embeddable":true,"href":"https:\/\/loxone.ctw.sk\/index.php\/wp-json\/wp\/v2\/product_cat?post=1802"},{"taxonomy":"product_tag","embeddable":true,"href":"https:\/\/loxone.ctw.sk\/index.php\/wp-json\/wp\/v2\/product_tag?post=1802"}],"curies":[{"name":"wp","href":"https:\/\/api.w.org\/{rel}","templated":true}]}}