{"id":274,"date":"2026-01-09T10:25:16","date_gmt":"2026-01-09T09:25:16","guid":{"rendered":"https:\/\/shop.dohlad.info\/index.php\/product\/install-sub-10-client\/"},"modified":"2026-02-09T00:12:15","modified_gmt":"2026-02-08T23:12:15","slug":"install-sub-10-client","status":"publish","type":"product","link":"https:\/\/loxone.ctw.sk\/index.php\/product\/install-sub-10-client\/","title":{"rendered":"Install Sub 10 Client"},"content":{"rendered":"<p>Install Sub 10 Client zaujme svojimi <strong>vynikaj\u00facimi zvukov\u00fdmi vlastnos\u0165ami a rozmanitos\u0165ou vyu\u017eitia<\/strong>. Prip\u00e1ja sa priamo k Audioserveru alebo Miniserveru Compact prostredn\u00edctvom Tree Turbo a m\u00f4\u017ee pren\u00e1\u0161a\u0165 zvukov\u00fd sign\u00e1l do re\u0165azca a\u017e 20 reproduktorov Client. Tvor\u00ed tak flexibiln\u00e9 audio rie\u0161enie \u0161k\u00e1lovate\u013en\u00e9 pre budovy v\u0161etk\u00fdch ve\u013ekost\u00ed. Install Sub 10 Master roz\u0161iruje in\u0161tal\u00e1ciu Master\/Client a <strong>zvy\u0161uje kvalitu zvuku<\/strong> prec\u00edznou reprodukciou n\u00edzkych frekvenci\u00ed.<\/p>\n<p><strong>Vlastnosti:<\/strong><\/p>\n<ul>\n<li>Pln\u00e1 integr\u00e1cia do syst\u00e9mu Loxone.<\/li>\n<li>Streamovanie hudby cez Bluetooth (nutn\u00e1 kombin\u00e1cia s reproduktorom Master).<\/li>\n<li>A\u017e 20 Client reproduktorov na jeden Master prostredn\u00edctvom prepojenia daisy chain (re\u0165azec).<\/li>\n<li>D\u013a\u017eka k\u00e1bla a\u017e 30 m (medzi reproduktory typu Client).<\/li>\n<\/ul>\n<p><strong>Vhodn\u00e9 in\u0161tala\u010dn\u00e9 boxy:<\/strong><\/p>\n<ul>\n<li>Box for 10&#8243; Install Speaker, ak je subwoofer umiestnen\u00fd vo\u013ene v miestnosti.<\/li>\n<li>Surface Box for 10&#8243; Install Speaker, pokia\u013e m\u00e1 by\u0165 Install Sub 10 namontovan\u00fd na strop alebo na stenu.<\/li>\n<\/ul>\n","protected":false},"excerpt":{"rendered":"<p>Install Sub 10 Client zaujme svojimi <strong>vynikaj\u00facimi zvukov\u00fdmi vlastnos\u0165ami a rozmanitos\u0165ou vyu\u017eitia<\/strong>. Prip\u00e1ja sa priamo k Audioserveru alebo Miniserveru Compact prostredn\u00edctvom Tree Turbo a m\u00f4\u017ee pren\u00e1\u0161a\u0165 zvukov\u00fd sign\u00e1l do re\u0165azca a\u017e 20 reproduktorov Client. Tvor\u00ed tak flexibiln\u00e9 audio rie\u0161enie \u0161k\u00e1lovate\u013en\u00e9 pre budovy v\u0161etk\u00fdch ve\u013ekost\u00ed. Install Sub 10 Master roz\u0161iruje in\u0161tal\u00e1ciu Master\/Client a <strong>zvy\u0161uje kvalitu zvuku<\/strong> prec\u00edznou reprodukciou n\u00edzkych frekvenci\u00ed.<\/p>\n","protected":false},"featured_media":1806,"template":"","meta":[],"location":[],"product_brand":[],"product_cat":[334],"product_tag":[],"class_list":{"0":"post-274","1":"product","2":"type-product","3":"status-publish","4":"has-post-thumbnail","6":"product_cat-aktivne-reproduktory","8":"first","9":"instock","10":"sold-individually","11":"taxable","12":"shipping-taxable","13":"purchasable","14":"product-type-simple"},"locations":[],"_links":{"self":[{"href":"https:\/\/loxone.ctw.sk\/index.php\/wp-json\/wp\/v2\/product\/274","targetHints":{"allow":["GET"]}}],"collection":[{"href":"https:\/\/loxone.ctw.sk\/index.php\/wp-json\/wp\/v2\/product"}],"about":[{"href":"https:\/\/loxone.ctw.sk\/index.php\/wp-json\/wp\/v2\/types\/product"}],"wp:featuredmedia":[{"embeddable":true,"href":"https:\/\/loxone.ctw.sk\/index.php\/wp-json\/wp\/v2\/media\/1806"}],"wp:attachment":[{"href":"https:\/\/loxone.ctw.sk\/index.php\/wp-json\/wp\/v2\/media?parent=274"}],"wp:term":[{"taxonomy":"location","embeddable":true,"href":"https:\/\/loxone.ctw.sk\/index.php\/wp-json\/wp\/v2\/location?post=274"},{"taxonomy":"product_brand","embeddable":true,"href":"https:\/\/loxone.ctw.sk\/index.php\/wp-json\/wp\/v2\/product_brand?post=274"},{"taxonomy":"product_cat","embeddable":true,"href":"https:\/\/loxone.ctw.sk\/index.php\/wp-json\/wp\/v2\/product_cat?post=274"},{"taxonomy":"product_tag","embeddable":true,"href":"https:\/\/loxone.ctw.sk\/index.php\/wp-json\/wp\/v2\/product_tag?post=274"}],"curies":[{"name":"wp","href":"https:\/\/api.w.org\/{rel}","templated":true}]}}