{"id":279,"date":"2026-01-09T10:25:16","date_gmt":"2026-01-09T09:25:16","guid":{"rendered":"https:\/\/shop.dohlad.info\/index.php\/product\/touch-pure-air-antracitova\/"},"modified":"2026-02-10T00:42:56","modified_gmt":"2026-02-09T23:42:56","slug":"touch-pure-air-antracitova","status":"publish","type":"product","link":"https:\/\/loxone.ctw.sk\/index.php\/product\/touch-pure-air-antracitova\/","title":{"rendered":"Touch Pure Air antracitov\u00e1"},"content":{"rendered":"<p><strong>Loxone Touch Pure Air<\/strong> sp\u00e1ja maxim\u00e1lnu <strong>pou\u017e\u00edvate\u013esk\u00fa pr\u00edvetivos\u0165<\/strong> s architektonicky \u010dist\u00fdm a elegantn\u00fdm dizajnom. P\u00e4\u0165 dotykov\u00fdch pl\u00f4ch so symbolmi umo\u017e\u0148uje intuit\u00edvne ovl\u00e1danie hlavn\u00fdch funkci\u00ed miestnosti. Diskr\u00e9tne kliknutie poskytuje akustick\u00fa sp\u00e4tn\u00fa v\u00e4zbu pri ka\u017edom dotyku. Integrovan\u00e9 senzory zaznamen\u00e1vaj\u00fa teplotu a relat\u00edvnu vlhkos\u0165.<\/p>\n<p><strong>Vlastnosti:<\/strong><\/p>\n<ul>\n<li>Jeden ovl\u00e1dac\u00ed prvok na riadenie osvetlenia, tienenia, audia a \u010fal\u0161\u00edch funkci\u00ed<\/li>\n<li>Integrovan\u00e9 senzory na meranie teploty (-40 \u2026 +125 \u00b0C) a vlhkosti (0 \u2026 100 %) pre regul\u00e1ciu kl\u00edmy v miestnosti<\/li>\n<li>Integrovan\u00e9 orienta\u010dn\u00e9 svetlo pre lep\u0161iu vidite\u013enos\u0165 v tme<\/li>\n<li>Pr\u00e9miov\u00fd vzh\u013ead a spracovanie<\/li>\n<li>Maxim\u00e1lna jednoduchos\u0165 ovl\u00e1dania<\/li>\n<li>Ide\u00e1lne rie\u0161enie na dodato\u010dn\u00fa in\u0161tal\u00e1ciu v\u010faka technol\u00f3gii Loxone Air<\/li>\n<\/ul>\n","protected":false},"excerpt":{"rendered":"<p><strong>Loxone Touch Pure Air<\/strong> sp\u00e1ja maxim\u00e1lnu <strong>pou\u017e\u00edvate\u013esk\u00fa pr\u00edvetivos\u0165<\/strong> s architektonicky \u010dist\u00fdm a elegantn\u00fdm dizajnom. P\u00e4\u0165 dotykov\u00fdch pl\u00f4ch so symbolmi umo\u017e\u0148uje intuit\u00edvne ovl\u00e1danie hlavn\u00fdch funkci\u00ed miestnosti. Diskr\u00e9tne kliknutie poskytuje akustick\u00fa sp\u00e4tn\u00fa v\u00e4zbu pri ka\u017edom dotyku. Integrovan\u00e9 senzory zaznamen\u00e1vaj\u00fa teplotu a relat\u00edvnu vlhkos\u0165.<\/p>\n<p>&nbsp;<\/p>\n","protected":false},"featured_media":1811,"template":"","meta":[],"location":[],"product_brand":[],"product_cat":[337],"product_tag":[],"class_list":{"0":"post-279","1":"product","2":"type-product","3":"status-publish","4":"has-post-thumbnail","6":"product_cat-air","8":"first","9":"instock","10":"sold-individually","11":"taxable","12":"shipping-taxable","13":"purchasable","14":"product-type-simple"},"locations":[],"_links":{"self":[{"href":"https:\/\/loxone.ctw.sk\/index.php\/wp-json\/wp\/v2\/product\/279","targetHints":{"allow":["GET"]}}],"collection":[{"href":"https:\/\/loxone.ctw.sk\/index.php\/wp-json\/wp\/v2\/product"}],"about":[{"href":"https:\/\/loxone.ctw.sk\/index.php\/wp-json\/wp\/v2\/types\/product"}],"wp:featuredmedia":[{"embeddable":true,"href":"https:\/\/loxone.ctw.sk\/index.php\/wp-json\/wp\/v2\/media\/1811"}],"wp:attachment":[{"href":"https:\/\/loxone.ctw.sk\/index.php\/wp-json\/wp\/v2\/media?parent=279"}],"wp:term":[{"taxonomy":"location","embeddable":true,"href":"https:\/\/loxone.ctw.sk\/index.php\/wp-json\/wp\/v2\/location?post=279"},{"taxonomy":"product_brand","embeddable":true,"href":"https:\/\/loxone.ctw.sk\/index.php\/wp-json\/wp\/v2\/product_brand?post=279"},{"taxonomy":"product_cat","embeddable":true,"href":"https:\/\/loxone.ctw.sk\/index.php\/wp-json\/wp\/v2\/product_cat?post=279"},{"taxonomy":"product_tag","embeddable":true,"href":"https:\/\/loxone.ctw.sk\/index.php\/wp-json\/wp\/v2\/product_tag?post=279"}],"curies":[{"name":"wp","href":"https:\/\/api.w.org\/{rel}","templated":true}]}}