{"id":283,"date":"2026-01-09T10:25:16","date_gmt":"2026-01-09T09:25:16","guid":{"rendered":"https:\/\/shop.dohlad.info\/index.php\/product\/5a-prudovy-transformator-400-a-35-mm-3-ks\/"},"modified":"2026-01-09T10:25:32","modified_gmt":"2026-01-09T09:25:32","slug":"5a-prudovy-transformator-400-a-35-mm-3-ks","status":"publish","type":"product","link":"https:\/\/loxone.ctw.sk\/index.php\/product\/5a-prudovy-transformator-400-a-35-mm-3-ks\/","title":{"rendered":"5A Pr\u00fadov\u00fd transform\u00e1tor 400 A 35 mm (3 ks)"},"content":{"rendered":"<p>Sada troch klie\u0161\u0165ov\u00fdch pr\u00fadov\u00fdch transform\u00e1torov na pou\u017eitie s <a href=\"https:\/\/shop.loxone.com\/sksk\/product\/100652-energy-meter-for-1-and-5a-current-transformers-tree\" rel=\"noopener noreferrer\" target=\"_blank\">Loxone Elektromerom pre polopriame meranie 1&amp;5A Tree<\/a>, ktor\u00e9 sa daj\u00fa <strong>jednoducho pripevni\u0165 k jednotliv\u00fdm f\u00e1zam<\/strong>. S prim\u00e1rnym <strong>pr\u00fadom 400 A a otvorom 35 mm<\/strong> s\u00fa ide\u00e1lne pre komer\u010dn\u00e9 a priemyseln\u00e9 in\u0161tal\u00e1cie.<\/p>\n<\/p>\n<ul>\n<li>Sada 3 klie\u0161\u0165ov\u00fdch pr\u00fadov\u00fdch transform\u00e1torov<\/li>\n<li>Prim\u00e1rny pr\u00fad: <strong>400 A<\/strong> \/ Sekund\u00e1rny pr\u00fad: <strong>5 A<\/strong><\/li>\n<li>Priechod: <strong>35 mm<\/strong><\/li>\n<li>Trieda presnosti: <strong>0,5<\/strong><\/li>\n<li>Farebne odl\u00ed\u0161en\u00fd k\u00e1bel (2 m; ned\u00e1 sa skr\u00e1ti\u0165)<\/li>\n<li>Integrovan\u00fd dr\u017eiak k\u00e1blovej spony<\/li>\n<li>Jasn\u00e9 smerov\u00e9 ozna\u010denie<\/li>\n<\/ul>\n","protected":false},"excerpt":{"rendered":"<p>Sada troch klie\u0161\u0165ov\u00fdch pr\u00fadov\u00fdch transform\u00e1torov na pou\u017eitie s <a href=\"https:\/\/shop.loxone.com\/sksk\/product\/100652-energy-meter-for-1-and-5a-current-transformers-tree\" rel=\"noopener noreferrer\" target=\"_blank\">Loxone Elektromerom pre polopriame meranie 1&amp;5A Tree<\/a>, ktor\u00e9 sa daj\u00fa <strong>jednoducho pripevni\u0165 k jednotliv\u00fdm f\u00e1zam<\/strong>. S prim\u00e1rnym <strong>pr\u00fadom 400 A a otvorom 35 mm<\/strong> s\u00fa ide\u00e1lne pre komer\u010dn\u00e9 a priemyseln\u00e9 in\u0161tal\u00e1cie.<\/p>\n<\/p>\n<ul>\n<li>Sada 3 klie\u0161\u0165ov\u00fdch pr\u00fadov\u00fdch transform\u00e1torov<\/li>\n<li>Prim\u00e1rny pr\u00fad: <strong>400 A<\/strong> \/ Sekund\u00e1rny pr\u00fad: <strong>5 A<\/strong><\/li>\n<li>Priechod: <strong>35 mm<\/strong><\/li>\n<li>Trieda presnosti: <strong>0,5<\/strong><\/li>\n<li>Farebne odl\u00ed\u0161en\u00fd k\u00e1bel (2 m; ned\u00e1 sa skr\u00e1ti\u0165)<\/li>\n<li>Integrovan\u00fd dr\u017eiak k\u00e1blovej spony<\/li>\n<li>Jasn\u00e9 smerov\u00e9 ozna\u010denie<\/li>\n<\/ul>\n","protected":false},"featured_media":79,"template":"","meta":[],"location":[],"product_brand":[],"product_cat":[339],"product_tag":[],"class_list":{"0":"post-283","1":"product","2":"type-product","3":"status-publish","4":"has-post-thumbnail","6":"product_cat-elektromer","8":"first","9":"instock","10":"sold-individually","11":"taxable","12":"shipping-taxable","13":"purchasable","14":"product-type-simple"},"locations":[],"_links":{"self":[{"href":"https:\/\/loxone.ctw.sk\/index.php\/wp-json\/wp\/v2\/product\/283","targetHints":{"allow":["GET"]}}],"collection":[{"href":"https:\/\/loxone.ctw.sk\/index.php\/wp-json\/wp\/v2\/product"}],"about":[{"href":"https:\/\/loxone.ctw.sk\/index.php\/wp-json\/wp\/v2\/types\/product"}],"wp:featuredmedia":[{"embeddable":true,"href":"https:\/\/loxone.ctw.sk\/index.php\/wp-json\/wp\/v2\/media\/79"}],"wp:attachment":[{"href":"https:\/\/loxone.ctw.sk\/index.php\/wp-json\/wp\/v2\/media?parent=283"}],"wp:term":[{"taxonomy":"location","embeddable":true,"href":"https:\/\/loxone.ctw.sk\/index.php\/wp-json\/wp\/v2\/location?post=283"},{"taxonomy":"product_brand","embeddable":true,"href":"https:\/\/loxone.ctw.sk\/index.php\/wp-json\/wp\/v2\/product_brand?post=283"},{"taxonomy":"product_cat","embeddable":true,"href":"https:\/\/loxone.ctw.sk\/index.php\/wp-json\/wp\/v2\/product_cat?post=283"},{"taxonomy":"product_tag","embeddable":true,"href":"https:\/\/loxone.ctw.sk\/index.php\/wp-json\/wp\/v2\/product_tag?post=283"}],"curies":[{"name":"wp","href":"https:\/\/api.w.org\/{rel}","templated":true}]}}