{"id":286,"date":"2026-01-09T10:25:16","date_gmt":"2026-01-09T09:25:16","guid":{"rendered":"https:\/\/shop.dohlad.info\/index.php\/product\/40ma-prudovy-transformator-25-a-10-mm-3-ks\/"},"modified":"2026-01-09T10:25:36","modified_gmt":"2026-01-09T09:25:36","slug":"40ma-prudovy-transformator-25-a-10-mm-3-ks","status":"publish","type":"product","link":"https:\/\/loxone.ctw.sk\/index.php\/product\/40ma-prudovy-transformator-25-a-10-mm-3-ks\/","title":{"rendered":"40mA Pr\u00fadov\u00fd transform\u00e1tor 25 A 10 mm (3 ks)"},"content":{"rendered":"<p>S\u00faprava troch klie\u0161\u0165ov\u00fdch pr\u00fadov\u00fdch transform\u00e1torov ur\u010den\u00fdch na pou\u017eitie s <strong><a href=\"https:\/\/shop.loxone.com\/sksk\/product\/100694-energy-meter-for-40mA-current-transformers-tree\" rel=\"noopener noreferrer\" target=\"_blank\">Loxone<\/a><\/strong><a href=\"https:\/\/shop.loxone.com\/sksk\/product\/100694-energy-meter-for-40mA-current-transformers-tree\" rel=\"noopener noreferrer\" target=\"_blank\"> <\/a><strong><a href=\"https:\/\/shop.loxone.com\/sksk\/product\/100694-energy-meter-for-40mA-current-transformers-tree\" rel=\"noopener noreferrer\" target=\"_blank\">Elektromerom pre polopriame meranie 40 mA Tree<\/a><\/strong>, ktor\u00e9 <strong>mo\u017eno \u013eahko pripevni\u0165 na jednotliv\u00e9 f\u00e1zy<\/strong>. S prim\u00e1rnym<strong> pr\u00fadom 100 A a otvorom 16 mm s\u00fa vhodn\u00e9<\/strong> na pripojenie k dom\u00e1cej rozvodnej sieti aj pre komer\u010dn\u00e9 in\u0161tal\u00e1cie.<\/p>\n<\/p>\n<p><strong>Parametre:<\/strong><\/p>\n<ul>\n<li>Sada 3 pr\u00fadov\u00fdch transform\u00e1torov (CT) s delite\u013en\u00fdm jadrom<\/li>\n<li>Prim\u00e1rny pr\u00fad: <strong>100 A<\/strong> \/ sekund\u00e1rny pr\u00fad: <strong>40 mA<\/strong><\/li>\n<li>Priemer otvoru: <strong>16 mm<\/strong><\/li>\n<li>Trieda presnosti: <strong>3<\/strong><\/li>\n<li>Farebne ozna\u010den\u00fd k\u00e1bel (5 m; je mo\u017en\u00e9 skr\u00e1ti\u0165 na 1 m)<\/li>\n<li>Integrovan\u00fd dr\u017eiak na k\u00e1blov\u00fa p\u00e1sku<\/li>\n<li>Jasn\u00e9 ozna\u010denie smeru pr\u00fadu<\/li>\n<\/ul>\n","protected":false},"excerpt":{"rendered":"<p>S\u00faprava troch klie\u0161\u0165ov\u00fdch pr\u00fadov\u00fdch transform\u00e1torov ur\u010den\u00fdch na pou\u017eitie s <strong><a href=\"https:\/\/shop.loxone.com\/sksk\/product\/100694-energy-meter-for-40mA-current-transformers-tree\" rel=\"noopener noreferrer\" target=\"_blank\">Loxone<\/a><\/strong><a href=\"https:\/\/shop.loxone.com\/sksk\/product\/100694-energy-meter-for-40mA-current-transformers-tree\" rel=\"noopener noreferrer\" target=\"_blank\"> <\/a><strong><a href=\"https:\/\/shop.loxone.com\/sksk\/product\/100694-energy-meter-for-40mA-current-transformers-tree\" rel=\"noopener noreferrer\" target=\"_blank\">Elektromerom pre polopriame meranie 40 mA Tree<\/a><\/strong>, ktor\u00e9 <strong>mo\u017eno \u013eahko pripevni\u0165 na jednotliv\u00e9 f\u00e1zy<\/strong>. S prim\u00e1rnym<strong> pr\u00fadom 100 A a otvorom 16 mm s\u00fa vhodn\u00e9<\/strong> na pripojenie k dom\u00e1cej rozvodnej sieti aj pre komer\u010dn\u00e9 in\u0161tal\u00e1cie.<\/p>\n<\/p>\n<p><strong>Parametre:<\/strong><\/p>\n<ul>\n<li>Sada 3 pr\u00fadov\u00fdch transform\u00e1torov (CT) s delite\u013en\u00fdm jadrom<\/li>\n<li>Prim\u00e1rny pr\u00fad: <strong>100 A<\/strong> \/ sekund\u00e1rny pr\u00fad: <strong>40 mA<\/strong><\/li>\n<li>Priemer otvoru: <strong>16 mm<\/strong><\/li>\n<li>Trieda presnosti: <strong>3<\/strong><\/li>\n<li>Farebne ozna\u010den\u00fd k\u00e1bel (5 m; je mo\u017en\u00e9 skr\u00e1ti\u0165 na 1 m)<\/li>\n<li>Integrovan\u00fd dr\u017eiak na k\u00e1blov\u00fa p\u00e1sku<\/li>\n<li>Jasn\u00e9 ozna\u010denie smeru pr\u00fadu<\/li>\n<\/ul>\n","protected":false},"featured_media":84,"template":"","meta":[],"location":[],"product_brand":[],"product_cat":[339],"product_tag":[],"class_list":{"0":"post-286","1":"product","2":"type-product","3":"status-publish","4":"has-post-thumbnail","6":"product_cat-elektromer","8":"first","9":"instock","10":"sold-individually","11":"taxable","12":"shipping-taxable","13":"purchasable","14":"product-type-simple"},"locations":[],"_links":{"self":[{"href":"https:\/\/loxone.ctw.sk\/index.php\/wp-json\/wp\/v2\/product\/286","targetHints":{"allow":["GET"]}}],"collection":[{"href":"https:\/\/loxone.ctw.sk\/index.php\/wp-json\/wp\/v2\/product"}],"about":[{"href":"https:\/\/loxone.ctw.sk\/index.php\/wp-json\/wp\/v2\/types\/product"}],"wp:featuredmedia":[{"embeddable":true,"href":"https:\/\/loxone.ctw.sk\/index.php\/wp-json\/wp\/v2\/media\/84"}],"wp:attachment":[{"href":"https:\/\/loxone.ctw.sk\/index.php\/wp-json\/wp\/v2\/media?parent=286"}],"wp:term":[{"taxonomy":"location","embeddable":true,"href":"https:\/\/loxone.ctw.sk\/index.php\/wp-json\/wp\/v2\/location?post=286"},{"taxonomy":"product_brand","embeddable":true,"href":"https:\/\/loxone.ctw.sk\/index.php\/wp-json\/wp\/v2\/product_brand?post=286"},{"taxonomy":"product_cat","embeddable":true,"href":"https:\/\/loxone.ctw.sk\/index.php\/wp-json\/wp\/v2\/product_cat?post=286"},{"taxonomy":"product_tag","embeddable":true,"href":"https:\/\/loxone.ctw.sk\/index.php\/wp-json\/wp\/v2\/product_tag?post=286"}],"curies":[{"name":"wp","href":"https:\/\/api.w.org\/{rel}","templated":true}]}}