{"id":291,"date":"2026-01-09T10:25:16","date_gmt":"2026-01-09T09:25:16","guid":{"rendered":"https:\/\/shop.dohlad.info\/index.php\/product\/weidmuller-bocnica-pre-sep-4c-2-5-biela-20-ks\/"},"modified":"2026-01-09T10:25:44","modified_gmt":"2026-01-09T09:25:44","slug":"weidmuller-bocnica-pre-sep-4c-2-5-biela-20-ks","status":"publish","type":"product","link":"https:\/\/loxone.ctw.sk\/index.php\/product\/weidmuller-bocnica-pre-sep-4c-2-5-biela-20-ks\/","title":{"rendered":"Weidm\u00fcller Bo\u010dnica pre SEP 4C 2.5 biela (20 ks)"},"content":{"rendered":"<p>Bo\u010dnica pre <a href=\"https:\/\/shop.loxone.com\/sksk\/product\/200468-feed-through-terminal-block-s4c-2-5-green\" rel=\"noopener noreferrer\" target=\"_blank\">Priechodn\u00fa radov\u00fa svorkovnicu S4C 2,5 zelen\u00e1<\/a>.<\/p>\n<ul>\n<li><strong>Typ:<\/strong><span style=\"background-color: rgb(255, 255, 255); color: rgb(64, 64, 64);\"> SEP 4C 2.5 WT<\/span><\/li>\n<\/ul>\n<p style=\"box-sizing: border-box; cursor: default; pointer-events: auto !important;\" class=\"pimcore_editable_wysiwyg\"><\/p>\n","protected":false},"excerpt":{"rendered":"<p>Bo\u010dnica pre <a href=\"https:\/\/shop.loxone.com\/sksk\/product\/200468-feed-through-terminal-block-s4c-2-5-green\" rel=\"noopener noreferrer\" target=\"_blank\">Priechodn\u00fa radov\u00fa svorkovnicu S4C 2,5 zelen\u00e1<\/a>.<\/p>\n<ul>\n<li><strong>Typ:<\/strong><span style=\"background-color: rgb(255, 255, 255); color: rgb(64, 64, 64);\"> SEP 4C 2.5 WT<\/span><\/li>\n<\/ul>\n<p style=\"box-sizing: border-box; cursor: default; pointer-events: auto !important;\" class=\"pimcore_editable_wysiwyg\"><\/p>\n","protected":false},"featured_media":93,"template":"","meta":[],"location":[],"product_brand":[],"product_cat":[342],"product_tag":[],"class_list":{"0":"post-291","1":"product","2":"type-product","3":"status-publish","4":"has-post-thumbnail","6":"product_cat-kabelaz","8":"first","9":"instock","10":"sold-individually","11":"taxable","12":"shipping-taxable","13":"purchasable","14":"product-type-simple"},"locations":[],"_links":{"self":[{"href":"https:\/\/loxone.ctw.sk\/index.php\/wp-json\/wp\/v2\/product\/291","targetHints":{"allow":["GET"]}}],"collection":[{"href":"https:\/\/loxone.ctw.sk\/index.php\/wp-json\/wp\/v2\/product"}],"about":[{"href":"https:\/\/loxone.ctw.sk\/index.php\/wp-json\/wp\/v2\/types\/product"}],"wp:featuredmedia":[{"embeddable":true,"href":"https:\/\/loxone.ctw.sk\/index.php\/wp-json\/wp\/v2\/media\/93"}],"wp:attachment":[{"href":"https:\/\/loxone.ctw.sk\/index.php\/wp-json\/wp\/v2\/media?parent=291"}],"wp:term":[{"taxonomy":"location","embeddable":true,"href":"https:\/\/loxone.ctw.sk\/index.php\/wp-json\/wp\/v2\/location?post=291"},{"taxonomy":"product_brand","embeddable":true,"href":"https:\/\/loxone.ctw.sk\/index.php\/wp-json\/wp\/v2\/product_brand?post=291"},{"taxonomy":"product_cat","embeddable":true,"href":"https:\/\/loxone.ctw.sk\/index.php\/wp-json\/wp\/v2\/product_cat?post=291"},{"taxonomy":"product_tag","embeddable":true,"href":"https:\/\/loxone.ctw.sk\/index.php\/wp-json\/wp\/v2\/product_tag?post=291"}],"curies":[{"name":"wp","href":"https:\/\/api.w.org\/{rel}","templated":true}]}}