{"id":293,"date":"2026-01-09T10:25:16","date_gmt":"2026-01-09T09:25:16","guid":{"rendered":"https:\/\/shop.dohlad.info\/index.php\/product\/zaplavovy-senzor-air\/"},"modified":"2026-02-10T00:51:52","modified_gmt":"2026-02-09T23:51:52","slug":"zaplavovy-senzor-air","status":"publish","type":"product","link":"https:\/\/loxone.ctw.sk\/index.php\/product\/zaplavovy-senzor-air\/","title":{"rendered":"Z\u00e1plavov\u00fd senzor Air"},"content":{"rendered":"<p class=\"p1\">Loxone Z\u00e1plavov\u00fd senzor Air je <strong>kompaktn\u00fd bezdr\u00f4tov\u00fd senzor<\/strong>, ktor\u00fd spo\u013eahlivo odhal\u00ed pr\u00edtomnos\u0165 vody alebo \u00faniky vo vn\u00fatorn\u00fdch priestoroch. Dva citliv\u00e9 kontakty na spodnej strane okam\u017eite zareaguj\u00fa pri dotyku s vodivou tekutinou a spustia upozornenie \u2013 <strong>ide\u00e1lne na v\u010dasn\u00fa prevenciu \u0161k\u00f4d sp\u00f4soben\u00fdch vodou<\/strong>.<\/p>\n<p class=\"p1\"><strong>Vlastnosti:<\/strong><\/p>\n<ul>\n<li>Dlh\u00e1 \u017eivotnos\u0165 bat\u00e9rie a\u017e<strong> 10 rokov<\/strong><\/li>\n<li>Modern\u00fd dizajn<\/li>\n<li>Ochrana budovy pred n\u00e1kladn\u00fdmi \u0161kodami sp\u00f4soben\u00fdmi vodou<\/li>\n<li>Okam\u017eit\u00e9 upozornenia pri detekcii vody<\/li>\n<li>Ide\u00e1lny do technick\u00fdch miestnost\u00ed, kuch\u00fd\u0148, pr\u00e1\u010dovn\u00ed alebo pivn\u00edc<\/li>\n<li>Bezdr\u00f4tov\u00fd a nap\u00e1jan\u00fd bat\u00e9riou \u2013 perfektn\u00fd na dodato\u010dn\u00fa mont\u00e1\u017e<\/li>\n<\/ul>\n","protected":false},"excerpt":{"rendered":"<p class=\"p1\">Loxone Z\u00e1plavov\u00fd senzor Air je <strong>kompaktn\u00fd bezdr\u00f4tov\u00fd senzor<\/strong>, ktor\u00fd spo\u013eahlivo odhal\u00ed pr\u00edtomnos\u0165 vody alebo \u00faniky vo vn\u00fatorn\u00fdch priestoroch. Dva citliv\u00e9 kontakty na spodnej strane okam\u017eite zareaguj\u00fa pri dotyku s vodivou tekutinou a spustia upozornenie \u2013 <strong>ide\u00e1lne na v\u010dasn\u00fa prevenciu \u0161k\u00f4d sp\u00f4soben\u00fdch vodou<\/strong>.<\/p>\n<p>&nbsp;<\/p>\n","protected":false},"featured_media":98,"template":"","meta":[],"location":[],"product_brand":[],"product_cat":[344,345,346],"product_tag":[],"class_list":{"0":"post-293","1":"product","2":"type-product","3":"status-publish","4":"has-post-thumbnail","6":"product_cat-air-pristup-zabezpecenie","7":"product_cat-zabezpecenie","8":"product_cat-senzory","10":"first","11":"instock","12":"sold-individually","13":"taxable","14":"shipping-taxable","15":"purchasable","16":"product-type-simple"},"locations":[],"_links":{"self":[{"href":"https:\/\/loxone.ctw.sk\/index.php\/wp-json\/wp\/v2\/product\/293","targetHints":{"allow":["GET"]}}],"collection":[{"href":"https:\/\/loxone.ctw.sk\/index.php\/wp-json\/wp\/v2\/product"}],"about":[{"href":"https:\/\/loxone.ctw.sk\/index.php\/wp-json\/wp\/v2\/types\/product"}],"wp:featuredmedia":[{"embeddable":true,"href":"https:\/\/loxone.ctw.sk\/index.php\/wp-json\/wp\/v2\/media\/98"}],"wp:attachment":[{"href":"https:\/\/loxone.ctw.sk\/index.php\/wp-json\/wp\/v2\/media?parent=293"}],"wp:term":[{"taxonomy":"location","embeddable":true,"href":"https:\/\/loxone.ctw.sk\/index.php\/wp-json\/wp\/v2\/location?post=293"},{"taxonomy":"product_brand","embeddable":true,"href":"https:\/\/loxone.ctw.sk\/index.php\/wp-json\/wp\/v2\/product_brand?post=293"},{"taxonomy":"product_cat","embeddable":true,"href":"https:\/\/loxone.ctw.sk\/index.php\/wp-json\/wp\/v2\/product_cat?post=293"},{"taxonomy":"product_tag","embeddable":true,"href":"https:\/\/loxone.ctw.sk\/index.php\/wp-json\/wp\/v2\/product_tag?post=293"}],"curies":[{"name":"wp","href":"https:\/\/api.w.org\/{rel}","templated":true}]}}