{"id":294,"date":"2026-01-09T10:25:50","date_gmt":"2026-01-09T09:25:50","guid":{"rendered":"https:\/\/shop.dohlad.info\/index.php\/product\/audio-kabel-200m\/"},"modified":"2026-01-09T10:25:51","modified_gmt":"2026-01-09T09:25:51","slug":"audio-kabel-200m","status":"publish","type":"product","link":"https:\/\/loxone.ctw.sk\/index.php\/product\/audio-kabel-200m\/","title":{"rendered":"Audio k\u00e1bel (200m)"},"content":{"rendered":"<p>Loxone Audio k\u00e1bel umo\u017e\u0148uje <strong>jednoduch\u00fa a r\u00fdchlu in\u0161tal\u00e1ciu va\u0161ich Master a Client reproduktorov. <\/strong>Obsahuje jeden p\u00e1r vodi\u010dov pre nap\u00e1janie 24 V DC a <strong>samostatn\u00fd d\u00e1tov\u00fd vodi\u010d na prepojenie medzi Master reproduktorom a Clientmi. <\/strong>Ide\u00e1lne rie\u0161enie pre spo\u013eahliv\u00fa a efekt\u00edvnu audioin\u0161tal\u00e1ciu.<\/p>\n<\/p>\n<p><strong>Vlastnosti:<\/strong><\/p>\n<\/p>\n<ul>\n<li><span>Univerz\u00e1lne pou\u017eitie pre v\u0161etky Master reproduktory a Client reproduktory.<\/span><\/li>\n<li><span>Kart\u00f3nov\u00e1 \u0161katu\u013ea s navinut\u00edm na zabr\u00e1nenie skr\u00facaniu k\u00e1bla.<\/span><\/li>\n<li><span>Jednoduch\u00e9 odizolovanie a pripojenie v\u010faka 2&#215;1,5 mm\u00b2 nap\u00e1jaciemu vedeniu a 2&#215;0,8 mm d\u00e1tov\u00e9mu vedeniu.<\/span><\/li>\n<li><span>Presn\u00e9 farebn\u00e9 ozna\u010denie.<\/span><\/li>\n<li><span>Exaktn\u00e9 ozna\u010denie metrov.<\/span><\/li>\n<\/ul>\n","protected":false},"excerpt":{"rendered":"<p>Loxone Audio k\u00e1bel umo\u017e\u0148uje <strong>jednoduch\u00fa a r\u00fdchlu in\u0161tal\u00e1ciu va\u0161ich Master a Client reproduktorov. <\/strong>Obsahuje jeden p\u00e1r vodi\u010dov pre nap\u00e1janie 24 V DC a <strong>samostatn\u00fd d\u00e1tov\u00fd vodi\u010d na prepojenie medzi Master reproduktorom a Clientmi. <\/strong>Ide\u00e1lne rie\u0161enie pre spo\u013eahliv\u00fa a efekt\u00edvnu audioin\u0161tal\u00e1ciu.<\/p>\n<\/p>\n<p><strong>Vlastnosti:<\/strong><\/p>\n<\/p>\n<ul>\n<li><span>Univerz\u00e1lne pou\u017eitie pre v\u0161etky Master reproduktory a Client reproduktory.<\/span><\/li>\n<li><span>Kart\u00f3nov\u00e1 \u0161katu\u013ea s navinut\u00edm na zabr\u00e1nenie skr\u00facaniu k\u00e1bla.<\/span><\/li>\n<li><span>Jednoduch\u00e9 odizolovanie a pripojenie v\u010faka 2&#215;1,5 mm\u00b2 nap\u00e1jaciemu vedeniu a 2&#215;0,8 mm d\u00e1tov\u00e9mu vedeniu.<\/span><\/li>\n<li><span>Presn\u00e9 farebn\u00e9 ozna\u010denie.<\/span><\/li>\n<li><span>Exaktn\u00e9 ozna\u010denie metrov.<\/span><\/li>\n<\/ul>\n","protected":false},"featured_media":103,"template":"","meta":[],"location":[],"product_brand":[],"product_cat":[342],"product_tag":[],"class_list":{"0":"post-294","1":"product","2":"type-product","3":"status-publish","4":"has-post-thumbnail","6":"product_cat-kabelaz","8":"first","9":"instock","10":"sold-individually","11":"taxable","12":"shipping-taxable","13":"purchasable","14":"product-type-simple"},"locations":[],"_links":{"self":[{"href":"https:\/\/loxone.ctw.sk\/index.php\/wp-json\/wp\/v2\/product\/294","targetHints":{"allow":["GET"]}}],"collection":[{"href":"https:\/\/loxone.ctw.sk\/index.php\/wp-json\/wp\/v2\/product"}],"about":[{"href":"https:\/\/loxone.ctw.sk\/index.php\/wp-json\/wp\/v2\/types\/product"}],"wp:featuredmedia":[{"embeddable":true,"href":"https:\/\/loxone.ctw.sk\/index.php\/wp-json\/wp\/v2\/media\/103"}],"wp:attachment":[{"href":"https:\/\/loxone.ctw.sk\/index.php\/wp-json\/wp\/v2\/media?parent=294"}],"wp:term":[{"taxonomy":"location","embeddable":true,"href":"https:\/\/loxone.ctw.sk\/index.php\/wp-json\/wp\/v2\/location?post=294"},{"taxonomy":"product_brand","embeddable":true,"href":"https:\/\/loxone.ctw.sk\/index.php\/wp-json\/wp\/v2\/product_brand?post=294"},{"taxonomy":"product_cat","embeddable":true,"href":"https:\/\/loxone.ctw.sk\/index.php\/wp-json\/wp\/v2\/product_cat?post=294"},{"taxonomy":"product_tag","embeddable":true,"href":"https:\/\/loxone.ctw.sk\/index.php\/wp-json\/wp\/v2\/product_tag?post=294"}],"curies":[{"name":"wp","href":"https:\/\/api.w.org\/{rel}","templated":true}]}}